{"id":54,"date":"2013-10-27T16:11:59","date_gmt":"2013-10-27T15:11:59","guid":{"rendered":"http:\/\/salon-international-aquarelle.com\/WordPress3\/?page_id=54"},"modified":"2024-10-28T18:06:47","modified_gmt":"2024-10-28T17:06:47","slug":"organisation","status":"publish","type":"page","link":"https:\/\/salon-international-aquarelle.com\/WordPress3\/45-2\/organisation\/","title":{"rendered":"Organisation"},"content":{"rendered":"<p align=\"justify\"><span style=\"font-family: Verdana, sans-serif;\"><span style=\"color: #006633;\"><span style=\"font-size: medium;\">Ce sont les organisateurs qui d\u00e9cideront de l&#8217;emplacement des \u0153uvres; <\/span><\/span><span style=\"color: #ff3333;\"><span style=\"font-size: medium;\">leur d\u00e9cision sera sans appel.<\/span><\/span><\/span><\/p>\n<p align=\"justify\"><span style=\"color: #006633;\"><span style=\"font-family: Verdana, sans-serif;\"><span style=\"font-size: medium;\">Les tableaux expos\u00e9s seront mis en valeur dans les salles de la halle , la salle Attane , l\u2019Office de Tourisme au c\u0153ur de la Cit\u00e9 M\u00e9di\u00e9vale. <u>Elles seront ouvertes au public gratuitement du 19 juillet au 17 ao\u00fbt 2025 de 10 heures \u00e0 12h30 et de 14 heures \u00e0 19 heures (le 17 ao\u00fbt le salon se terminera \u00e0 18h).<\/u><\/span><\/span><\/span><\/p>\n<p align=\"justify\"><span style=\"font-family: Verdana, sans-serif;\"><span style=\"color: #006633;\">Des \u0153uvres de chaque artiste seront expos\u00e9es dans les commerces de toute la ville.<\/span><\/span><\/p>\n<p align=\"justify\"><span style=\"color: #006633;\"><span style=\"font-family: Verdana, sans-serif;\">Le vernissage se d\u00e9roulera en pr\u00e9sence de personnalit\u00e9s r\u00e9gionales le samedi 19 juillet \u00e0 partir de 19 heures le jour du vernissage. <\/span><\/span><strong><span style=\"color: #006633;\"><span style=\"font-family: Verdana, sans-serif;\"><u>La pr\u00e9sence de tous les artistes est\u00a0 imp\u00e9rative<\/u><\/span><\/span><\/strong><span style=\"color: #006633;\"><span style=\"font-family: Verdana, sans-serif;\"> ;\u00a0 ils seront accompagn\u00e9s de leurs invit\u00e9s. Les salles d&rsquo;exposition seront ferm\u00e9es \u00e0 partir de 18h45\u00a0 le jour du vernissage, il est donc conseill\u00e9 aux invit\u00e9s qui souhaitent voir l&rsquo;exposition de le faire avant le vernissage.<\/span><\/span><\/p>\n<p align=\"justify\"><span style=\"font-family: Verdana, sans-serif;\"><span style=\"color: #006633;\"><span style=\"font-size: medium;\">Au cours de cette c\u00e9r\u00e9monie le jury compos\u00e9 du Parrain du salon, David Chauvin, des 2 Invit\u00e9s d&rsquo;honneur et d&rsquo;un repr\u00e9sentant de l&rsquo;Association Esquisse\u00a0 d\u00e9cernera un prix aux quatre meilleures aquarelles de l&rsquo;ann\u00e9e 2025:<\/span><\/span><\/span><\/p>\n<p align=\"center\"><strong><span style=\"color: #006633;\"><span style=\"font-family: Verdana, sans-serif;\"><span style=\"font-size: medium;\">\u00ab Prix de la Ville de Saint Yrieix \u00bb 400 \u20ac<br \/>\n<\/span><\/span><\/span><\/strong><\/p>\n<p align=\"center\"><strong><span style=\"color: #006633;\"><span style=\"font-family: Verdana, sans-serif;\"><span style=\"font-size: medium;\">\u00ab Prix Michel Senamaud-Beaufort \u00bb 150 \u20ac<br \/>\n<\/span><\/span><\/span><\/strong><\/p>\n<p align=\"center\"><span style=\"color: #006633;\"><span style=\"font-family: Verdana, sans-serif;\"><span style=\"font-size: medium;\"><strong>\u00ab Prix des commer\u00e7ants \u00bb 100 \u20ac<\/strong><br \/>\n<\/span><\/span><\/span><\/p>\n<p align=\"center\"><strong><span style=\"color: #006633;\"><span style=\"font-family: Verdana, sans-serif;\"><span style=\"font-size: medium;\">\u00abPrix Sennelier \u00bb une bo\u00eete d&rsquo;aquarelles extra fine<\/span><\/span><\/span><\/strong><\/p>\n<p><span style=\"color: #006633;\"><span style=\"font-family: Verdana, sans-serif;\"><span style=\"font-size: medium;\">Un cinqui\u00e8me prix de 100\u20ac offert par l\u2019Association Esquisse aura comme jury pour le d\u00e9cerner exclusivement des membres de l\u2019Association Esquisse.<\/span><\/span><\/span><\/p>\n<p align=\"justify\"><span style=\"color: #006633;\"><span style=\"font-family: Verdana, sans-serif;\"><span style=\"font-size: medium;\">Toutes les \u0153uvres seront disponibles \u00e0 la vente. Le prix de chaque \u0153uvre vendue sera r\u00e9gl\u00e9 soit en esp\u00e8ces, soit en ch\u00e8que \u00e0 l&rsquo;ordre du Salon International de l&rsquo;Aquarelle. <\/span><\/span><\/span><\/p>\n<p class=\"western\"><span style=\"color: #006633;\"><span style=\"font-family: Verdana, sans-serif;\"><span style=\"font-size: medium;\">Les artistes s\u00e9lectionn\u00e9s pourront pr\u00e9senter \u00e0 la vente des livres \u00e0 condition que ces derniers aient \u00e9t\u00e9 r\u00e9pertori\u00e9s le jour de l\u2019accrochage. Nous n\u2019accepterons pas les cartes postales m\u00eame si elles sont collectionn\u00e9es en paquet. <\/span><\/span><\/span><\/p>\n<p class=\"western\"><span style=\"color: #006633;\"><span style=\"font-family: Verdana, sans-serif;\"><span style=\"font-size: medium;\">Les ventes seront encaiss\u00e9es par l\u2019association qui se chargera de vous reverser la somme due \u00e0 l\u2019issue du salon apr\u00e8s une retenue de 11 % pour les livres et de 16% pour les tableaux.<\/span> <\/span><\/span><\/p>\n","protected":false},"excerpt":{"rendered":"<p>Ce sont les organisateurs qui d\u00e9cideront de l&#8217;emplacement des \u0153uvres; leur d\u00e9cision sera sans appel. Les tableaux expos\u00e9s seront mis [&hellip;]<\/p>\n","protected":false},"author":1,"featured_media":0,"parent":45,"menu_order":2,"comment_status":"closed","ping_status":"open","template":"","meta":{"site-sidebar-layout":"default","site-content-layout":"","ast-site-content-layout":"default","site-content-style":"default","site-sidebar-style":"default","ast-global-header-display":"","ast-banner-title-visibility":"","ast-main-header-display":"","ast-hfb-above-header-display":"","ast-hfb-below-header-display":"","ast-hfb-mobile-header-display":"","site-post-title":"","ast-breadcrumbs-content":"","ast-featured-img":"","footer-sml-layout":"","theme-transparent-header-meta":"","adv-header-id-meta":"","stick-header-meta":"","header-above-stick-meta":"","header-main-stick-meta":"","header-below-stick-meta":"","astra-migrate-meta-layouts":"default","ast-page-background-enabled":"default","ast-page-background-meta":{"desktop":{"background-color":"var(--ast-global-color-4)","background-image":"","background-repeat":"repeat","background-position":"center center","background-size":"auto","background-attachment":"scroll","background-type":"","background-media":"","overlay-type":"","overlay-color":"","overlay-opacity":"","overlay-gradient":""},"tablet":{"background-color":"","background-image":"","background-repeat":"repeat","background-position":"center center","background-size":"auto","background-attachment":"scroll","background-type":"","background-media":"","overlay-type":"","overlay-color":"","overlay-opacity":"","overlay-gradient":""},"mobile":{"background-color":"","background-image":"","background-repeat":"repeat","background-position":"center center","background-size":"auto","background-attachment":"scroll","background-type":"","background-media":"","overlay-type":"","overlay-color":"","overlay-opacity":"","overlay-gradient":""}},"ast-content-background-meta":{"desktop":{"background-color":"var(--ast-global-color-5)","background-image":"","background-repeat":"repeat","background-position":"center center","background-size":"auto","background-attachment":"scroll","background-type":"","background-media":"","overlay-type":"","overlay-color":"","overlay-opacity":"","overlay-gradient":""},"tablet":{"background-color":"var(--ast-global-color-5)","background-image":"","background-repeat":"repeat","background-position":"center center","background-size":"auto","background-attachment":"scroll","background-type":"","background-media":"","overlay-type":"","overlay-color":"","overlay-opacity":"","overlay-gradient":""},"mobile":{"background-color":"var(--ast-global-color-5)","background-image":"","background-repeat":"repeat","background-position":"center center","background-size":"auto","background-attachment":"scroll","background-type":"","background-media":"","overlay-type":"","overlay-color":"","overlay-opacity":"","overlay-gradient":""}},"jetpack_post_was_ever_published":false,"footnotes":""},"class_list":["post-54","page","type-page","status-publish","hentry"],"jetpack_sharing_enabled":true,"jetpack_shortlink":"https:\/\/wp.me\/PgfGnI-S","_links":{"self":[{"href":"https:\/\/salon-international-aquarelle.com\/WordPress3\/wp-json\/wp\/v2\/pages\/54","targetHints":{"allow":["GET"]}}],"collection":[{"href":"https:\/\/salon-international-aquarelle.com\/WordPress3\/wp-json\/wp\/v2\/pages"}],"about":[{"href":"https:\/\/salon-international-aquarelle.com\/WordPress3\/wp-json\/wp\/v2\/types\/page"}],"author":[{"embeddable":true,"href":"https:\/\/salon-international-aquarelle.com\/WordPress3\/wp-json\/wp\/v2\/users\/1"}],"replies":[{"embeddable":true,"href":"https:\/\/salon-international-aquarelle.com\/WordPress3\/wp-json\/wp\/v2\/comments?post=54"}],"version-history":[{"count":22,"href":"https:\/\/salon-international-aquarelle.com\/WordPress3\/wp-json\/wp\/v2\/pages\/54\/revisions"}],"predecessor-version":[{"id":1956,"href":"https:\/\/salon-international-aquarelle.com\/WordPress3\/wp-json\/wp\/v2\/pages\/54\/revisions\/1956"}],"up":[{"embeddable":true,"href":"https:\/\/salon-international-aquarelle.com\/WordPress3\/wp-json\/wp\/v2\/pages\/45"}],"wp:attachment":[{"href":"https:\/\/salon-international-aquarelle.com\/WordPress3\/wp-json\/wp\/v2\/media?parent=54"}],"curies":[{"name":"wp","href":"https:\/\/api.w.org\/{rel}","templated":true}]}}