{"id":512,"date":"2014-10-27T18:20:38","date_gmt":"2014-10-27T17:20:38","guid":{"rendered":"http:\/\/salon-international-aquarelle.com\/WordPress3\/?page_id=512"},"modified":"2023-12-20T18:39:37","modified_gmt":"2023-12-20T17:39:37","slug":"ballaquarelle","status":"publish","type":"page","link":"https:\/\/salon-international-aquarelle.com\/WordPress3\/ballaquarelle\/","title":{"rendered":"Balaquarelle"},"content":{"rendered":"<p style=\"text-align: justify;\" align=\"justify\"><strong><span style=\"color: #006633;\"><span style=\"font-family: Verdana, sans-serif;\"><span style=\"font-size: small;\">Balades journali\u00e8res d\u2019une \u00bd journ\u00e9e avec un artiste animateur pour d\u00e9couvrir \u00ab\u00a0les merveilles\u00a0\u00bb de notre r\u00e9gion en les fixant d\u2019une mani\u00e8re tr\u00e8s rapide \u00e0 l\u2019aquarelle, au crayon ou au stylo encre de Chine par exemple. Ces balaquarelles s\u2019adressent aussi bien aux \u00ab\u00a0<\/span><\/span><span style=\"font-family: Verdana, sans-serif;\"><span style=\"font-size: small;\"><u>grands d\u00e9butants<\/u><\/span><\/span><span style=\"font-family: Verdana, sans-serif;\"><span style=\"font-size: small;\">\u00a0\u00bb qu\u2019aux aquarellistes confirm\u00e9s.<\/span><\/span><\/span><\/strong><\/p>\n<p align=\"justify\"><strong><span style=\"font-family: Verdana, sans-serif; color: #006633;\"><span style=\"font-size: small;\">La Balaquarelle n\u2019est ni un stage, ni la confection d\u2019un carnet de voyage, en une \u00bd journ\u00e9e ce n\u2019est pas possible. Chaque artiste a une sensibilit\u00e9 qui lui appartient, il a l\u2019habitude\u00a0 et le don d\u2019observer, d\u2019\u00eatre touch\u00e9 par un d\u00e9tail qui flatte un paysage, un monument, une fleur, un caillou, un rocher, etc. C\u2019est tout ce ou ces d\u00e9tails merveilleux que l\u2019animateur apprendra \u00e0 faire d\u00e9couvrir et \u00e0 saisir\u00a0 dans notre tr\u00e8s beau pays Limousin &#8211; P\u00e9rigord. Il\u00a0 imaginera son histoire et la racontera pour faire na\u00eetre l\u2019envie de transcrire tr\u00e8s rapidement sur un croquis aquarell\u00e9 ou non. Cet exercice rapide et agr\u00e9able a pour but de faire na\u00eetre une cr\u00e9ativit\u00e9 personnelle bas\u00e9e sur le sentiment, sentiment d\u2019un moment. Cela doit int\u00e9resser aussi bien des adultes que des adolescents ou des enfants. C\u2019est un \u00e9l\u00e9ment pour sensibiliser \u00e0 l\u2019art, approfondir ses connaissances, faire na\u00eetre l\u2019envie de cr\u00e9er et en m\u00eame temps d\u00e9couvrir les richesses de la r\u00e9gion.<\/span><\/span><\/strong><\/p>\n<p align=\"justify\"><strong><span style=\"font-family: Verdana, sans-serif; color: #006633;\"><span style=\"font-size: small;\">Se faire inscrire \u00e0 l\u2019accueil au plus tard la veille. Prix de la \u00bd journ\u00e9e 11 \u20ac et 5 \u20ac pour enfant moins de 12 ans.<\/span><\/span><\/strong><\/p>\n<p align=\"justify\"><span style=\"font-family: Verdana, sans-serif; color: #006633;\"><span style=\"font-size: small;\"><strong>Se pr\u00e9senter \u00e0 l\u2019heure et au lieu de rendez-vous indiqu\u00e9s avec un crayon, un pinceau, quelques couleurs, (un stylo encre de chine), un petit carnet genre carnet de voyage, un petit r\u00e9cipient pour l\u2019eau, etc.<\/strong> <\/span><\/span><\/p>\n","protected":false},"excerpt":{"rendered":"<p>Balades journali\u00e8res d\u2019une \u00bd journ\u00e9e avec un artiste animateur pour d\u00e9couvrir \u00ab\u00a0les merveilles\u00a0\u00bb de notre r\u00e9gion en les fixant d\u2019une [&hellip;]<\/p>\n","protected":false},"author":1,"featured_media":0,"parent":0,"menu_order":0,"comment_status":"closed","ping_status":"open","template":"","meta":{"site-sidebar-layout":"default","site-content-layout":"","ast-site-content-layout":"default","site-content-style":"default","site-sidebar-style":"default","ast-global-header-display":"","ast-banner-title-visibility":"","ast-main-header-display":"","ast-hfb-above-header-display":"","ast-hfb-below-header-display":"","ast-hfb-mobile-header-display":"","site-post-title":"","ast-breadcrumbs-content":"","ast-featured-img":"","footer-sml-layout":"","theme-transparent-header-meta":"","adv-header-id-meta":"","stick-header-meta":"","header-above-stick-meta":"","header-main-stick-meta":"","header-below-stick-meta":"","astra-migrate-meta-layouts":"default","ast-page-background-enabled":"default","ast-page-background-meta":{"desktop":{"background-color":"var(--ast-global-color-4)","background-image":"","background-repeat":"repeat","background-position":"center center","background-size":"auto","background-attachment":"scroll","background-type":"","background-media":"","overlay-type":"","overlay-color":"","overlay-opacity":"","overlay-gradient":""},"tablet":{"background-color":"","background-image":"","background-repeat":"repeat","background-position":"center center","background-size":"auto","background-attachment":"scroll","background-type":"","background-media":"","overlay-type":"","overlay-color":"","overlay-opacity":"","overlay-gradient":""},"mobile":{"background-color":"","background-image":"","background-repeat":"repeat","background-position":"center center","background-size":"auto","background-attachment":"scroll","background-type":"","background-media":"","overlay-type":"","overlay-color":"","overlay-opacity":"","overlay-gradient":""}},"ast-content-background-meta":{"desktop":{"background-color":"var(--ast-global-color-5)","background-image":"","background-repeat":"repeat","background-position":"center center","background-size":"auto","background-attachment":"scroll","background-type":"","background-media":"","overlay-type":"","overlay-color":"","overlay-opacity":"","overlay-gradient":""},"tablet":{"background-color":"var(--ast-global-color-5)","background-image":"","background-repeat":"repeat","background-position":"center center","background-size":"auto","background-attachment":"scroll","background-type":"","background-media":"","overlay-type":"","overlay-color":"","overlay-opacity":"","overlay-gradient":""},"mobile":{"background-color":"var(--ast-global-color-5)","background-image":"","background-repeat":"repeat","background-position":"center center","background-size":"auto","background-attachment":"scroll","background-type":"","background-media":"","overlay-type":"","overlay-color":"","overlay-opacity":"","overlay-gradient":""}},"jetpack_post_was_ever_published":false,"footnotes":""},"class_list":["post-512","page","type-page","status-publish","hentry"],"jetpack_sharing_enabled":true,"jetpack_shortlink":"https:\/\/wp.me\/PgfGnI-8g","_links":{"self":[{"href":"https:\/\/salon-international-aquarelle.com\/WordPress3\/wp-json\/wp\/v2\/pages\/512","targetHints":{"allow":["GET"]}}],"collection":[{"href":"https:\/\/salon-international-aquarelle.com\/WordPress3\/wp-json\/wp\/v2\/pages"}],"about":[{"href":"https:\/\/salon-international-aquarelle.com\/WordPress3\/wp-json\/wp\/v2\/types\/page"}],"author":[{"embeddable":true,"href":"https:\/\/salon-international-aquarelle.com\/WordPress3\/wp-json\/wp\/v2\/users\/1"}],"replies":[{"embeddable":true,"href":"https:\/\/salon-international-aquarelle.com\/WordPress3\/wp-json\/wp\/v2\/comments?post=512"}],"version-history":[{"count":11,"href":"https:\/\/salon-international-aquarelle.com\/WordPress3\/wp-json\/wp\/v2\/pages\/512\/revisions"}],"predecessor-version":[{"id":1137,"href":"https:\/\/salon-international-aquarelle.com\/WordPress3\/wp-json\/wp\/v2\/pages\/512\/revisions\/1137"}],"wp:attachment":[{"href":"https:\/\/salon-international-aquarelle.com\/WordPress3\/wp-json\/wp\/v2\/media?parent=512"}],"curies":[{"name":"wp","href":"https:\/\/api.w.org\/{rel}","templated":true}]}}