{"id":48,"date":"2013-10-27T16:01:53","date_gmt":"2013-10-27T15:01:53","guid":{"rendered":"http:\/\/salon-international-aquarelle.com\/WordPress3\/?page_id=48"},"modified":"2024-11-07T19:24:30","modified_gmt":"2024-11-07T18:24:30","slug":"comment-participer","status":"publish","type":"page","link":"https:\/\/salon-international-aquarelle.com\/WordPress3\/45-2\/comment-participer\/","title":{"rendered":"Comment participer"},"content":{"rendered":"<p class=\"western\"><span style=\"color: #006633;\"><span style=\"font-family: TimesNewRomanPS-ItalicMT, serif;\"><span style=\"font-size: medium;\"><b><span style=\"color: #006633;\">Conditions<\/span> de Participation<\/b><\/span><\/span><span style=\"font-family: TimesNewRomanPS-ItalicMT, serif;\"><span style=\"font-size: medium;\">\u00a0:<br \/>\n<\/span><\/span><\/span><span style=\"color: #006633;\"><span style=\"font-family: TimesNewRomanPS-ItalicMT, serif;\"><span style=\"font-size: medium;\">Prenez tout d&rsquo;abord connaissance des indications\u00a0 donn\u00e9es ci-dessous et dans les documents de pr\u00e9sentation<\/span><\/span><\/span><\/p>\n<p class=\"western\" style=\"text-align: center;\"><span style=\"color: #006633;\"><span style=\"font-family: TimesNewRomanPS-ItalicMT, serif;\"><span style=\"font-size: medium;\">(en <a href=\"https:\/\/salon-international-aquarelle.com\/WordPress3\/wp-content\/uploads\/2024\/11\/Lettre-circulaire-pour-postuler-en-2025-Copie-2.pdf\" target=\"_blank\" rel=\"noopener\">Fran\u00e7ais<\/a>, en <a href=\"https:\/\/salon-international-aquarelle.com\/WordPress3\/wp-content\/uploads\/2024\/11\/candidature-anglais-2025.pdf\" target=\"_blank\" rel=\"noopener\">Anglais<\/a>, en <a href=\"https:\/\/salon-international-aquarelle.com\/WordPress3\/wp-content\/uploads\/2024\/11\/Espagnol-2025.pdf\" target=\"_blank\" rel=\"noopener\">Espagnol<\/a>).<br \/>\n<\/span><\/span><\/span><\/p>\n<ol>\n<li value=\"1\">\n<p style=\"text-align: justify;\"><span style=\"font-size: small; color: #006633;\"><span style=\"font-family: TimesNewRomanPS-ItalicMT, serif;\"><span style=\"font-size: medium;\"><i>Etre en mesure de justifier votre statut d\u2019artiste conform\u00e9ment \u00e0 la loi (inscription \u00e0 la maison des artistes ou autre).<\/i><\/span><\/span><\/span><\/p>\n<\/li>\n<li style=\"text-align: justify;\"><a name=\"Bookmark\"><\/a><span style=\"font-size: small; color: #006633;\"> <span style=\"font-family: TimesNewRomanPS-ItalicMT, serif;\"><span style=\"font-size: medium;\"><i><u>Envoyer par mail ou WeTransfer<\/u><\/i><\/span><\/span><span style=\"font-family: TimesNewRomanPS-ItalicMT, serif;\"><span style=\"font-size: medium;\"><i> aux trois mails suivants\u00a0: <a style=\"color: #006633;\" href=\"mailto:jm.devaux2@wanadoo.fr\">jm.devaux2@wanadoo.fr<\/a>\u00a0; <a style=\"color: #006633;\" href=\"mailto:isabelle.lavalley@orange.fr\">isabelle.lavalley386@orange.fr<\/a>\u00a0 7 \u00e0 10 photos au format jpg de vos \u0153uvres originales, r\u00e9centes et sign\u00e9es. Veillez \u00e0 indiquer le titre de l\u2019\u0153uvre et la dimension sous chaque prise num\u00e9rique ainsi que son prix. Ces photos devront \u00eatre de qualit\u00e9 et accompagn\u00e9es d\u2019un court texte pr\u00e9sentant votre parcours d\u2019artiste. Les copies, plagiats seront exclus.<\/i><\/span><\/span><\/span><\/li>\n<li style=\"text-align: justify;\"><span style=\"font-size: small; color: #006633;\"><span style=\"font-family: TimesNewRomanPS-ItalicMT, serif;\"><span style=\"font-size: medium;\"><i>R\u00e9aliser si possible une \u0153uvre sur le th\u00e8me \u00ab\u00a0Moments \u00e9ph\u00e9m\u00e8res\u00a0\u00bb (recommand\u00e9 mais pas obligatoire)<\/i><\/span><\/span><\/span><\/li>\n<li style=\"text-align: justify;\"><span style=\"font-size: small; color: #006633;\"><span style=\"color: #ff0000;\"><span style=\"font-family: TimesNewRomanPS-ItalicMT, serif;\"><span style=\"font-size: medium;\"><i>Retourner la fiche de candidature (versions <a href=\"https:\/\/salon-international-aquarelle.com\/WordPress3\/wp-content\/uploads\/2024\/11\/formulaire-de-candidature-2025-Francais-Copie-2.pdf\" target=\"_blank\" rel=\"noopener\">Fran\u00e7aise<\/a>, <a href=\"https:\/\/salon-international-aquarelle.com\/WordPress3\/wp-content\/uploads\/2024\/11\/formulaire-de-candidature-2025-Anglais.pdf\" target=\"_blank\" rel=\"noopener\">Anglaise<\/a>, <a href=\"https:\/\/salon-international-aquarelle.com\/WordPress3\/wp-content\/uploads\/2024\/11\/formulaire-de-candidature-2025-Espagnol.pdf\" target=\"_blank\" rel=\"noopener\">Espagnole<\/a>) accompagn\u00e9e des photos avant le <\/i><\/span><\/span><span style=\"font-family: TimesNewRomanPS-ItalicMT, serif;\"><span style=\"font-size: medium;\"><i><u>28 f\u00e9vrier 2025 dernier d\u00e9lai<\/u><\/i><\/span><\/span><\/span><span style=\"font-family: TimesNewRomanPS-ItalicMT, serif;\"><span style=\"font-size: medium;\"><i>.<\/i><\/span><\/span><\/span><\/li>\n<li style=\"text-align: justify;\"><span style=\"font-size: small; color: #006633;\"><span style=\"font-family: TimesNewRomanPS-ItalicMT, serif;\"><span style=\"font-size: medium;\"><i>Les candidats retenus pour l\u2019exposition seront inform\u00e9s par mail ou \u00e9crit et devront s\u2019acquitter de la somme de 80 \u20ac \u00e0 l\u2019ordre du salon international de l\u2019aquarelle.<\/i><\/span><\/span><\/span><\/li>\n<li style=\"text-align: justify;\"><span style=\"font-size: small; color: #006633;\"><span style=\"font-family: TimesNewRomanPS-ItalicMT, serif;\"><span style=\"font-size: medium;\"><i>Les candidats s\u00e9lectionn\u00e9s devront <\/i><\/span><\/span><strong><span style=\"font-family: TimesNewRomanPS-ItalicMT, serif;\"><span style=\"font-size: medium;\"><i>dans la mesure de leur disponibilit\u00e9<\/i><\/span><\/span><\/strong><span style=\"font-family: TimesNewRomanPS-ItalicMT, serif;\"><span style=\"font-size: medium;\"><i><span style=\"color: #ff0000;\"> \u00eatre pr\u00e9sent au minimum 2 jours et participer \u00e0 la vie du salon<\/span>\u00a0:<\/i><\/span><\/span><\/span><\/li>\n<\/ol>\n<ul style=\"text-align: justify;\">\n<li style=\"text-align: justify;\"><span style=\"font-size: small; color: #ff0000;\"><span style=\"font-family: TimesNewRomanPS-ItalicMT, serif;\"><span style=\"font-size: medium;\"><i>Une garde obligatoire, une tol\u00e9rance d&rsquo;absence de garde sera accept\u00e9e pour les artistes \u00e9trangers dans l&rsquo;incapacit\u00e9 de se d\u00e9placer.<\/i><\/span><\/span><\/span><\/li>\n<li style=\"text-align: justify;\"><span style=\"font-size: small; color: #006633;\"><span style=\"font-family: TimesNewRomanPS-ItalicMT, serif;\"><span style=\"font-size: medium;\"><i>Une d\u00e9monstration si possible\u00a0; nos d\u00e9monstrations sont r\u00e9alis\u00e9es en ext\u00e9rieur au contact du public et donc avec convivialit\u00e9. Ces d\u00e9monstrations contribuent au dynamisme et \u00e0 la venue de nombreux visiteurs. Sans d\u00e9monstration, le salon perd de son int\u00e9r\u00eat.<\/i><\/span><\/span><\/span><\/li>\n<li style=\"text-align: justify;\"><span style=\"font-size: small; color: #006633;\"><span style=\"font-family: TimesNewRomanPS-ItalicMT, serif;\"><span style=\"font-size: medium;\"><i>Une journ\u00e9e \u00ab\u00a0Regard d\u2019artiste\u00a0\u00bb pendant laquelle vous \u00eates au contact des visiteurs pour pr\u00e9senter vos \u0153uvres.<\/i><\/span><\/span><\/span><\/li>\n<li style=\"text-align: justify;\"><span style=\"font-size: small; color: #006633;\"><span style=\"font-family: TimesNewRomanPS-ItalicMT, serif;\"><span style=\"font-size: medium;\"><i>Eventuellement conf\u00e9rences ou autres \u00e0 pr\u00e9ciser.<\/i><\/span><\/span><\/span><\/li>\n<li style=\"text-align: justify;\"><span style=\"font-size: small; color: #006633;\"><span style=\"font-family: TimesNewRomanPS-ItalicMT, serif;\"><span style=\"font-size: medium;\"><i>\u00ab\u00a0Balaquarelle\u00a0\u00bb, chaque participant \u00e0 la balaquarelle s\u2019acquitte de la somme de 11 \u20ac pour une promenade aquarell\u00e9e dans la ville sous les conseils d\u2019un artiste.<\/i><\/span><\/span><\/span><\/li>\n<\/ul>\n<p style=\"text-align: justify;\"><span style=\"font-size: small; color: #006633;\"><span style=\"font-family: TimesNewRomanPS-ItalicMT, serif;\"><span style=\"font-size: medium;\"><i>Tous les visiteurs sont heureux de rencontrer les artistes et de partager une passion commune\u00a0: l\u2019aquarelle. Ces \u00e9changes permettent souvent de favoriser les ventes.<\/i><\/span><\/span><\/span><\/p>\n<ul style=\"text-align: justify;\">\n<li><span style=\"font-size: small; color: #006633;\"><span style=\"font-family: TimesNewRomanPS-ItalicMT, serif;\"><span style=\"font-size: medium;\"><i>\u00abMoments \u00e9ph\u00e9m\u00e8res\u00bb, nous vous proposons si vous le souhaitez, mais c\u2019est vivement conseill\u00e9, de r\u00e9aliser un tableau sur ce th\u00e8me.<\/i><\/span><\/span><\/span><\/li>\n<\/ul>\n<p style=\"text-align: justify;\"><span style=\"font-size: small; color: #006633;\"><span style=\"font-family: TimesNewRomanPS-ItalicMT, serif;\"><span style=\"font-size: medium;\"><i><b>Candidature \u00e9trang\u00e8re<\/b><\/i><\/span><\/span><\/span><\/p>\n<p style=\"text-align: justify;\"><span style=\"font-size: small; color: #006633;\"><span style=\"font-family: TimesNewRomanPS-ItalicMT, serif;\"><span style=\"font-size: medium;\"><i>Exceptionnellement si vous venez d&rsquo;un pays lointain et que vous n&rsquo;envisagez pas de venir en France et pour une s\u00e9lection de 5 candidats maximum nous autorisons les mesures ci-dessous\u00a0:<\/i><\/span><\/span><\/span><\/p>\n<ul style=\"text-align: justify;\">\n<li><span style=\"font-size: small; color: #006633;\"><span style=\"font-family: TimesNewRomanPS-ItalicMT, serif;\"><span style=\"font-size: medium;\"><i>Nous avons la possibilit\u00e9 d\u2019encadrer les tableaux passe partout compris avec des cadres de dimensions (60*80 ou 50 * 70 ou 40 *50)\u00a0; les tableaux ne respectant pas cet encadrement ne seront pas accept\u00e9s.<\/i><\/span><\/span><\/span><\/li>\n<li><span style=\"font-size: small; color: #006633;\"><span style=\"font-family: TimesNewRomanPS-ItalicMT, serif;\"><span style=\"font-size: medium;\"><i>Les \u0153uvres seront envoy\u00e9es avec un passe-partout obligatoirement.<\/i><\/span><\/span><\/span><\/li>\n<li><span style=\"font-size: small; color: #006633;\"><span style=\"font-family: TimesNewRomanPS-ItalicMT, serif;\"><span style=\"font-size: medium;\"><i>Le salon prendra en charge l&rsquo;encadrement de vos tableaux.<\/i><\/span><\/span><\/span><\/li>\n<li><i><\/i><span style=\"font-size: small; color: #ff0000;\"><span style=\"font-family: TimesNewRomanPS-ItalicMT, serif;\"><span style=\"font-size: medium;\"><i>Les frais de retour des tableaux seront \u00e0 votre charge\u00a0; le salon se d\u00e9gage de toute responsabilit\u00e9 en cas de probl\u00e8mes constat\u00e9s lors du transport (aller et retour). L&rsquo;envoi des tableaux est donc \u00e0 vos risques et p\u00e9rils.<\/i><\/span><\/span><\/span><\/li>\n<li><i><\/i><span style=\"font-size: small; color: #ff0000;\"><span style=\"font-family: TimesNewRomanPS-ItalicMT, serif;\"><span style=\"font-size: medium;\"><i>Lors de la vente d&rsquo;un tableau, il vous sera retenu en plus de la commission habituelle, le prix du cadre remis \u00e0 l&rsquo;acheteur du tableau ainsi que les frais d&rsquo;envoi des tableaux non vendus,<\/i><\/span><\/span><\/span><\/li>\n<li><span style=\"color: #ff0000;\"><i><\/i><span style=\"font-size: small;\"><span style=\"font-family: TimesNewRomanPS-ItalicMT, serif;\"><span style=\"font-size: medium;\"><i>La participation au salon sous-entend le paiement d&rsquo;un droit d&rsquo;inscription de 80\u20ac<\/i><\/span><\/span><\/span><\/span><\/li>\n<\/ul>\n<p style=\"text-align: justify;\"><span style=\"font-family: Verdana; color: #006633;\"><span style=\"font-size: small;\"><b>La d\u00e9cision du jury sera sans appel.<\/b><\/span><\/span><\/p>\n<p><span style=\"font-size: small; color: #006633;\"><span style=\"font-family: TimesNewRomanPS-ItalicMT, serif;\"><span style=\"font-size: medium;\"><i><b>Lieux d\u2019exposition :<\/b><\/i><\/span><\/span><\/span><\/p>\n<p style=\"text-align: justify;\"><span style=\"font-size: small; color: #006633;\"><span style=\"font-family: TimesNewRomanPS-ItalicMT, serif;\"><span style=\"font-size: medium;\"><i>Le Salon international de l\u2019aquarelle de Saint-Yrieix La Perche se d\u00e9roule au c\u0153ur de la cit\u00e9 m\u00e9di\u00e9vale. Les lieux d\u2019exposition sont\u00a0: la salle de la Halle, la salle Attane (dot\u00e9e de 4 salles), l\u2019office du tourisme, le centre culturel et les nombreux commer\u00e7ants et restaurants de la ville.<\/i><\/span><\/span><\/span><\/p>\n<p><span style=\"font-size: small; color: #006633;\"><span style=\"font-family: TimesNewRomanPS-ItalicMT, serif;\"><span style=\"font-size: medium;\"><i><b>S\u00e9lection\u00a0:<\/b><\/i><\/span><\/span><\/span><\/p>\n<p style=\"text-align: justify;\"><span style=\"font-size: small; color: #006633;\"><span style=\"font-family: TimesNewRomanPS-ItalicMT, serif;\"><span style=\"font-size: medium;\"><i>&#8211; Les artistes s\u00e9lectionn\u00e9s seront pr\u00e9venus <\/i><\/span><\/span><span style=\"font-family: TimesNewRomanPS-ItalicMT, serif;\"><span style=\"font-size: medium;\"><i>avant le 15 mars 2025<\/i><\/span><\/span><span style=\"font-family: TimesNewRomanPS-ItalicMT, serif;\"><span style=\"font-size: medium;\"><i> soit par mail soit par courrier ou t\u00e9l\u00e9phone et devront s\u2019acquitter de la somme de 80 \u20ac. Un livret souvenir leur sera remis lors du d\u00e9p\u00f4t des \u0153uvres.<\/i><\/span><\/span><\/span><\/p>\n<p><span style=\"font-size: small; color: #006633;\"><span style=\"font-family: TimesNewRomanPS-ItalicMT, serif;\"><span style=\"font-size: medium;\"><i>&#8211; L\u2019artiste s\u2019engage \u00e0 pr\u00e9senter obligatoirement et uniquement les aquarelles qui ont fait l\u2019objet d\u2019une s\u00e9lection par le jury, aucun <span style=\"color: #006633;\">\u00e9change ne sera possible, ni aucun ajout de tableau.<\/span><\/i><\/span><\/span><\/span><\/p>\n<p><span style=\"font-size: small; color: #006633;\"><span style=\"font-family: TimesNewRomanPS-ItalicMT, serif;\"><span style=\"font-size: medium;\"><i>Remarque\u00a0: les \u0153uvres des Invit\u00e9s d\u2019Honneur et des anciens Invit\u00e9s d\u2019honneur sont s\u00e9lectionn\u00e9es d\u2019office. <\/i><\/span><\/span><\/span><\/p>\n<p><span style=\"font-size: small; color: #006633;\"><span style=\"font-family: TimesNewRomanPS-ItalicMT, serif;\"><span style=\"font-size: medium;\"><i>&#8211; L\u2019artiste devra pr\u00e9voir une uniformit\u00e9 dans leur encadrement. Les tableaux devront comporter au verso du cadre, <\/i><\/span><\/span><span style=\"font-family: TimesNewRomanPS-ItalicMT, serif; color: #ff0000;\"><span style=\"font-size: medium;\"><i>une \u00e9tiquette <\/i><\/span><\/span><span style=\"font-family: TimesNewRomanPS-ItalicMT, serif;\"><span style=\"font-size: medium;\"><i>mentionnant, le nom de l\u2019artiste, le titre de l\u2019\u0153uvre, son prix.<\/i><\/span><\/span><\/span><\/p>\n<p><span style=\"font-size: small; color: #006633;\"><span style=\"font-family: TimesNewRomanPS-ItalicMT, serif;\"><span style=\"font-size: medium;\"><i>&#8211; L\u2019artiste donne son accord au salon pour que les \u00e9l\u00e9ments fournis par lui-m\u00eame soient utilis\u00e9s pour la r\u00e9alisation d\u2019un catalogue ou autres supports (affiches, articles de presse, internet, Facebook) dans le cadre du salon.<\/i><\/span><\/span><\/span><\/p>\n","protected":false},"excerpt":{"rendered":"<p>Conditions de Participation\u00a0: Prenez tout d&rsquo;abord connaissance des indications\u00a0 donn\u00e9es ci-dessous et dans les documents de pr\u00e9sentation (en Fran\u00e7ais, en [&hellip;]<\/p>\n","protected":false},"author":1,"featured_media":0,"parent":45,"menu_order":0,"comment_status":"closed","ping_status":"open","template":"","meta":{"site-sidebar-layout":"default","site-content-layout":"","ast-site-content-layout":"default","site-content-style":"default","site-sidebar-style":"default","ast-global-header-display":"","ast-banner-title-visibility":"","ast-main-header-display":"","ast-hfb-above-header-display":"","ast-hfb-below-header-display":"","ast-hfb-mobile-header-display":"","site-post-title":"","ast-breadcrumbs-content":"","ast-featured-img":"","footer-sml-layout":"","theme-transparent-header-meta":"","adv-header-id-meta":"","stick-header-meta":"","header-above-stick-meta":"","header-main-stick-meta":"","header-below-stick-meta":"","astra-migrate-meta-layouts":"default","ast-page-background-enabled":"default","ast-page-background-meta":{"desktop":{"background-color":"var(--ast-global-color-4)","background-image":"","background-repeat":"repeat","background-position":"center center","background-size":"auto","background-attachment":"scroll","background-type":"","background-media":"","overlay-type":"","overlay-color":"","overlay-opacity":"","overlay-gradient":""},"tablet":{"background-color":"","background-image":"","background-repeat":"repeat","background-position":"center center","background-size":"auto","background-attachment":"scroll","background-type":"","background-media":"","overlay-type":"","overlay-color":"","overlay-opacity":"","overlay-gradient":""},"mobile":{"background-color":"","background-image":"","background-repeat":"repeat","background-position":"center center","background-size":"auto","background-attachment":"scroll","background-type":"","background-media":"","overlay-type":"","overlay-color":"","overlay-opacity":"","overlay-gradient":""}},"ast-content-background-meta":{"desktop":{"background-color":"var(--ast-global-color-5)","background-image":"","background-repeat":"repeat","background-position":"center center","background-size":"auto","background-attachment":"scroll","background-type":"","background-media":"","overlay-type":"","overlay-color":"","overlay-opacity":"","overlay-gradient":""},"tablet":{"background-color":"var(--ast-global-color-5)","background-image":"","background-repeat":"repeat","background-position":"center center","background-size":"auto","background-attachment":"scroll","background-type":"","background-media":"","overlay-type":"","overlay-color":"","overlay-opacity":"","overlay-gradient":""},"mobile":{"background-color":"var(--ast-global-color-5)","background-image":"","background-repeat":"repeat","background-position":"center center","background-size":"auto","background-attachment":"scroll","background-type":"","background-media":"","overlay-type":"","overlay-color":"","overlay-opacity":"","overlay-gradient":""}},"jetpack_post_was_ever_published":false,"footnotes":""},"class_list":["post-48","page","type-page","status-publish","hentry"],"jetpack_sharing_enabled":true,"jetpack_shortlink":"https:\/\/wp.me\/PgfGnI-M","_links":{"self":[{"href":"https:\/\/salon-international-aquarelle.com\/WordPress3\/wp-json\/wp\/v2\/pages\/48","targetHints":{"allow":["GET"]}}],"collection":[{"href":"https:\/\/salon-international-aquarelle.com\/WordPress3\/wp-json\/wp\/v2\/pages"}],"about":[{"href":"https:\/\/salon-international-aquarelle.com\/WordPress3\/wp-json\/wp\/v2\/types\/page"}],"author":[{"embeddable":true,"href":"https:\/\/salon-international-aquarelle.com\/WordPress3\/wp-json\/wp\/v2\/users\/1"}],"replies":[{"embeddable":true,"href":"https:\/\/salon-international-aquarelle.com\/WordPress3\/wp-json\/wp\/v2\/comments?post=48"}],"version-history":[{"count":47,"href":"https:\/\/salon-international-aquarelle.com\/WordPress3\/wp-json\/wp\/v2\/pages\/48\/revisions"}],"predecessor-version":[{"id":1976,"href":"https:\/\/salon-international-aquarelle.com\/WordPress3\/wp-json\/wp\/v2\/pages\/48\/revisions\/1976"}],"up":[{"embeddable":true,"href":"https:\/\/salon-international-aquarelle.com\/WordPress3\/wp-json\/wp\/v2\/pages\/45"}],"wp:attachment":[{"href":"https:\/\/salon-international-aquarelle.com\/WordPress3\/wp-json\/wp\/v2\/media?parent=48"}],"curies":[{"name":"wp","href":"https:\/\/api.w.org\/{rel}","templated":true}]}}