{"id":45,"date":"2013-10-27T15:59:40","date_gmt":"2013-10-27T14:59:40","guid":{"rendered":"http:\/\/salon-international-aquarelle.com\/WordPress3\/?page_id=45"},"modified":"2024-10-14T19:33:33","modified_gmt":"2024-10-14T17:33:33","slug":"45-2","status":"publish","type":"page","link":"https:\/\/salon-international-aquarelle.com\/WordPress3\/45-2\/","title":{"rendered":"D\u00e9roulement"},"content":{"rendered":"<p align=\"justify\"><span style=\"color: #006633;\"><span style=\"font-family: Verdana, sans-serif;\">Le 19<\/span><sup><span style=\"font-family: Verdana, sans-serif;\">\u00e8me<\/span><\/sup><span style=\"font-family: Verdana, sans-serif;\"> salon international de l\u2019Aquarelle se d\u00e9roulera du <\/span><span style=\"font-family: Verdana, sans-serif;\"><b>19 juillet au 17<\/b><\/span> <span style=\"font-family: Verdana, sans-serif;\"><b>ao\u00fbt 2025<\/b><\/span><span style=\"font-family: Verdana, sans-serif;\">.<\/span><\/span><\/p>\n<p align=\"justify\"><span style=\"color: #006633;\"><span style=\"font-family: Verdana, sans-serif;\">La <span style=\"color: #006633;\">marraine<\/span> du salon est <\/span><span style=\"font-family: Verdana, sans-serif;\"><b>L\u00e9lie Abadie<\/b><\/span><\/span><\/p>\n<p align=\"justify\"><span style=\"color: #006633;\"><span style=\"font-family: Verdana, sans-serif;\">Le parrain du salon est <\/span><span style=\"font-family: Verdana, sans-serif;\"><b>David CHAUVIN<\/b><\/span><\/span><\/p>\n<p align=\"justify\"><span style=\"color: #006633;\"><span style=\"font-family: Verdana, sans-serif;\">Les Invit\u00e9s d\u2019Honneur seront : <\/span><\/span><\/p>\n<p style=\"text-align: center;\"><span style=\"color: #006633;\"><strong>Keiko Hoshino (Japon-Espagne)<\/strong><\/span><\/p>\n<p style=\"text-align: center;\"><span style=\"color: #006633;\"><strong>Yukiko Kondo (Japon)<\/strong><\/span><\/p>\n<p style=\"text-align: center;\"><span style=\"color: #006633;\"><strong>Shiho Suzuki (Japon)<\/strong><\/span><\/p>\n<p style=\"text-align: center;\"><span style=\"color: #006633;\"><strong>Chihiro Pierce (Japon-Usa)<span style=\"font-family: Verdana, sans-serif;\">.<\/span><\/strong><\/span><\/p>\n<p align=\"justify\"><span style=\"font-family: Verdana, sans-serif; color: #006633;\">Saint Yrieix la Perche, berceau de la porcelaine, est une petite ville de Haute Vienne, \u00e0 la limite de la Dordogne et de la Corr\u00e8ze, situ\u00e9e sur l\u2019axe Limoges-P\u00e9rigueux ou Sarlat ou Brive la Gaillarde. L\u2019exposition est volontairement r\u00e9partie au c\u0153ur de la vieille ville\u00a0dans la salle de la halle restaur\u00e9e, dans la salle Attane, \u00e0 l&rsquo;Office de Tourisme, dans les magasins de la ville en suivant le \u00ab\u00a0Chemin de l\u2019Aquarelle\u00a0\u00bb.<\/span><\/p>\n<p align=\"justify\"><span style=\"font-family: Verdana, sans-serif; color: #006633;\">Il n&rsquo;est plus n\u00e9cessaire de pr\u00e9senter ce salon ; en 20 ans il a acquis une notori\u00e9t\u00e9 indiscutable en France et dans le monde si l&rsquo;on se base sur la fr\u00e9quentation tr\u00e8s importante de l&rsquo;exposition ou des stages de perfectionnement propos\u00e9s, l&rsquo;organisation ou la fr\u00e9quentation du site internet, tr\u00e8s regard\u00e9 dans le monde entier, plus sp\u00e9cialement en Am\u00e9rique et en Asie. Ce s\u00e9rieux, ce caract\u00e8re de haut niveau, cette ambiance simple et conviviale nous souhaitons les conserver tout en donnant un dynamisme nouveau pour toujours amener l&rsquo;art au c\u0153ur de la cit\u00e9. Outre ces stages de perfectionnement de qualit\u00e9, nous d\u00e9velopperons les d\u00e9monstrations publiques et gratuites sur le parvis de la halle ou dans les jardins de la salle Attane, les conf\u00e9rences qui donnent un jour nouveau sur l\u2019aquarelle aujourd\u2019hui.<\/span><\/p>\n<p align=\"justify\"><span style=\"color: #006633;\"><span style=\"font-family: Verdana, sans-serif;\">Tous les jours auront lieu des \u00ab\u00a0<\/span><span style=\"font-family: Verdana, sans-serif;\"><b>Balaquarelles\u00a0<\/b><\/span><span style=\"font-family: Verdana, sans-serif;\">\u00bb, balades d&rsquo;une demi-journ\u00e9e avec un artiste animateur pour d\u00e9couvrir \u00ab\u00a0les merveilles\u00a0\u00bb de la r\u00e9gion en les fixant d&rsquo;une mani\u00e8re tr\u00e8s rapide \u00e0 l&rsquo;aquarelle, au crayon ou au stylo encre de Chine par exemple, ces balaquarelles s\u2019adressent aussi bien aux grands d\u00e9butants qui veulent d\u00e9couvrir la peinture qu\u2019aux artistes confirm\u00e9s. <\/span><\/span><\/p>\n<p align=\"justify\"><span style=\"font-family: Verdana, sans-serif; color: #006633;\">Cette ann\u00e9e le th\u00e8me du salon sera \u00ab <strong>Esprit Japon <\/strong> \u00bb ; Autour de ce th\u00e8me seront organis\u00e9es diverses manifestations.<\/span><\/p>\n<p align=\"justify\"><span style=\"font-family: Verdana, sans-serif; color: #006633;\">\u00a0<\/span><\/p>\n","protected":false},"excerpt":{"rendered":"<p>Le 19\u00e8me salon international de l\u2019Aquarelle se d\u00e9roulera du 19 juillet au 17 ao\u00fbt 2025. La marraine du salon est [&hellip;]<\/p>\n","protected":false},"author":1,"featured_media":0,"parent":0,"menu_order":2,"comment_status":"closed","ping_status":"closed","template":"","meta":{"site-sidebar-layout":"default","site-content-layout":"","ast-site-content-layout":"default","site-content-style":"default","site-sidebar-style":"default","ast-global-header-display":"","ast-banner-title-visibility":"","ast-main-header-display":"","ast-hfb-above-header-display":"","ast-hfb-below-header-display":"","ast-hfb-mobile-header-display":"","site-post-title":"","ast-breadcrumbs-content":"","ast-featured-img":"","footer-sml-layout":"","theme-transparent-header-meta":"","adv-header-id-meta":"","stick-header-meta":"","header-above-stick-meta":"","header-main-stick-meta":"","header-below-stick-meta":"","astra-migrate-meta-layouts":"default","ast-page-background-enabled":"default","ast-page-background-meta":{"desktop":{"background-color":"var(--ast-global-color-4)","background-image":"","background-repeat":"repeat","background-position":"center center","background-size":"auto","background-attachment":"scroll","background-type":"","background-media":"","overlay-type":"","overlay-color":"","overlay-opacity":"","overlay-gradient":""},"tablet":{"background-color":"","background-image":"","background-repeat":"repeat","background-position":"center center","background-size":"auto","background-attachment":"scroll","background-type":"","background-media":"","overlay-type":"","overlay-color":"","overlay-opacity":"","overlay-gradient":""},"mobile":{"background-color":"","background-image":"","background-repeat":"repeat","background-position":"center center","background-size":"auto","background-attachment":"scroll","background-type":"","background-media":"","overlay-type":"","overlay-color":"","overlay-opacity":"","overlay-gradient":""}},"ast-content-background-meta":{"desktop":{"background-color":"var(--ast-global-color-5)","background-image":"","background-repeat":"repeat","background-position":"center center","background-size":"auto","background-attachment":"scroll","background-type":"","background-media":"","overlay-type":"","overlay-color":"","overlay-opacity":"","overlay-gradient":""},"tablet":{"background-color":"var(--ast-global-color-5)","background-image":"","background-repeat":"repeat","background-position":"center center","background-size":"auto","background-attachment":"scroll","background-type":"","background-media":"","overlay-type":"","overlay-color":"","overlay-opacity":"","overlay-gradient":""},"mobile":{"background-color":"var(--ast-global-color-5)","background-image":"","background-repeat":"repeat","background-position":"center center","background-size":"auto","background-attachment":"scroll","background-type":"","background-media":"","overlay-type":"","overlay-color":"","overlay-opacity":"","overlay-gradient":""}},"jetpack_post_was_ever_published":false,"footnotes":""},"class_list":["post-45","page","type-page","status-publish","hentry"],"jetpack_sharing_enabled":true,"jetpack_shortlink":"https:\/\/wp.me\/PgfGnI-J","_links":{"self":[{"href":"https:\/\/salon-international-aquarelle.com\/WordPress3\/wp-json\/wp\/v2\/pages\/45","targetHints":{"allow":["GET"]}}],"collection":[{"href":"https:\/\/salon-international-aquarelle.com\/WordPress3\/wp-json\/wp\/v2\/pages"}],"about":[{"href":"https:\/\/salon-international-aquarelle.com\/WordPress3\/wp-json\/wp\/v2\/types\/page"}],"author":[{"embeddable":true,"href":"https:\/\/salon-international-aquarelle.com\/WordPress3\/wp-json\/wp\/v2\/users\/1"}],"replies":[{"embeddable":true,"href":"https:\/\/salon-international-aquarelle.com\/WordPress3\/wp-json\/wp\/v2\/comments?post=45"}],"version-history":[{"count":26,"href":"https:\/\/salon-international-aquarelle.com\/WordPress3\/wp-json\/wp\/v2\/pages\/45\/revisions"}],"predecessor-version":[{"id":1927,"href":"https:\/\/salon-international-aquarelle.com\/WordPress3\/wp-json\/wp\/v2\/pages\/45\/revisions\/1927"}],"wp:attachment":[{"href":"https:\/\/salon-international-aquarelle.com\/WordPress3\/wp-json\/wp\/v2\/media?parent=45"}],"curies":[{"name":"wp","href":"https:\/\/api.w.org\/{rel}","templated":true}]}}