{"id":274,"date":"2013-11-26T20:23:06","date_gmt":"2013-11-26T19:23:06","guid":{"rendered":"http:\/\/salon-international-aquarelle.com\/WordPress3\/?page_id=274"},"modified":"2013-11-26T20:24:30","modified_gmt":"2013-11-26T19:24:30","slug":"video-de-la-decouverte-du-pays-de-saint-yrieix","status":"publish","type":"page","link":"https:\/\/salon-international-aquarelle.com\/WordPress3\/a-decouvrir\/video-de-la-decouverte-du-pays-de-saint-yrieix\/","title":{"rendered":"Vid\u00e9o de d\u00e9couverte du Pays de Saint Yrieix"},"content":{"rendered":"<p>En compl\u00e9ment de la vid\u00e9o sur la commune, regardez celle de la communat\u00e9 de commune et d\u00e9couvrez notre environnement.<\/p>\n<p id=\"player1\" style=\"display:none\"><a href=\"http:\/\/www.macromedia.com\/go\/getflashplayer\">Get the latest Flash Player<\/a> to see this player.<\/p>\n<noscript><p>[Javascript required to view Flash movie, please turn it on and refresh this page]<\/p><\/noscript>\n\n<script type=\"text\/javascript\">\n\tdocument.getElementById(\"player1\").style.display = \"\";\n\t\n\tvar s1 = new SWFObject(\"https:\/\/salon-international-aquarelle.com\/WordPress3\/wp-content\/plugins\/flv-embed\/flvplayer.swf\",\"player1\",\"720\",\"532\",\"7\");\n\ts1.addParam(\"wmode\",\"transparent\");\n\ts1.addParam(\"allowscriptaccess\",\"always\");\n\ts1.addParam(\"allowfullscreen\",\"true\");\n\ts1.addVariable(\"height\",\"532\");\n\ts1.addVariable(\"width\",\"720\"); \n\ts1.addVariable(\"file\",\"\/WordPress3\/wp-content\/uploads\/video\/comcommunes.flv\");\n\ts1.addVariable(\"link\",\"\/WordPress3\/wp-content\/uploads\/video\/comcommunes.flv\");\n\ts1.addVariable(\"showstop\",\"true\");\n\ts1.addVariable(\"showdownload\",\"true\");\n\ts1.addVariable(\"autostart\",\"true\");\n\ts1.write(\"player1\");\n<\/script>\n","protected":false},"excerpt":{"rendered":"<p>En compl\u00e9ment de la vid\u00e9o sur la commune, regardez celle de la communat\u00e9 de commune et d\u00e9couvrez notre environnement. Get [&hellip;]<\/p>\n","protected":false},"author":1,"featured_media":0,"parent":139,"menu_order":40,"comment_status":"closed","ping_status":"closed","template":"","meta":{"site-sidebar-layout":"default","site-content-layout":"","ast-site-content-layout":"default","site-content-style":"default","site-sidebar-style":"default","ast-global-header-display":"","ast-banner-title-visibility":"","ast-main-header-display":"","ast-hfb-above-header-display":"","ast-hfb-below-header-display":"","ast-hfb-mobile-header-display":"","site-post-title":"","ast-breadcrumbs-content":"","ast-featured-img":"","footer-sml-layout":"","theme-transparent-header-meta":"","adv-header-id-meta":"","stick-header-meta":"","header-above-stick-meta":"","header-main-stick-meta":"","header-below-stick-meta":"","astra-migrate-meta-layouts":"default","ast-page-background-enabled":"default","ast-page-background-meta":{"desktop":{"background-color":"var(--ast-global-color-4)","background-image":"","background-repeat":"repeat","background-position":"center center","background-size":"auto","background-attachment":"scroll","background-type":"","background-media":"","overlay-type":"","overlay-color":"","overlay-opacity":"","overlay-gradient":""},"tablet":{"background-color":"","background-image":"","background-repeat":"repeat","background-position":"center center","background-size":"auto","background-attachment":"scroll","background-type":"","background-media":"","overlay-type":"","overlay-color":"","overlay-opacity":"","overlay-gradient":""},"mobile":{"background-color":"","background-image":"","background-repeat":"repeat","background-position":"center center","background-size":"auto","background-attachment":"scroll","background-type":"","background-media":"","overlay-type":"","overlay-color":"","overlay-opacity":"","overlay-gradient":""}},"ast-content-background-meta":{"desktop":{"background-color":"var(--ast-global-color-5)","background-image":"","background-repeat":"repeat","background-position":"center center","background-size":"auto","background-attachment":"scroll","background-type":"","background-media":"","overlay-type":"","overlay-color":"","overlay-opacity":"","overlay-gradient":""},"tablet":{"background-color":"var(--ast-global-color-5)","background-image":"","background-repeat":"repeat","background-position":"center center","background-size":"auto","background-attachment":"scroll","background-type":"","background-media":"","overlay-type":"","overlay-color":"","overlay-opacity":"","overlay-gradient":""},"mobile":{"background-color":"var(--ast-global-color-5)","background-image":"","background-repeat":"repeat","background-position":"center center","background-size":"auto","background-attachment":"scroll","background-type":"","background-media":"","overlay-type":"","overlay-color":"","overlay-opacity":"","overlay-gradient":""}},"jetpack_post_was_ever_published":false,"footnotes":""},"class_list":["post-274","page","type-page","status-publish","hentry"],"jetpack_sharing_enabled":true,"jetpack_shortlink":"https:\/\/wp.me\/PgfGnI-4q","_links":{"self":[{"href":"https:\/\/salon-international-aquarelle.com\/WordPress3\/wp-json\/wp\/v2\/pages\/274","targetHints":{"allow":["GET"]}}],"collection":[{"href":"https:\/\/salon-international-aquarelle.com\/WordPress3\/wp-json\/wp\/v2\/pages"}],"about":[{"href":"https:\/\/salon-international-aquarelle.com\/WordPress3\/wp-json\/wp\/v2\/types\/page"}],"author":[{"embeddable":true,"href":"https:\/\/salon-international-aquarelle.com\/WordPress3\/wp-json\/wp\/v2\/users\/1"}],"replies":[{"embeddable":true,"href":"https:\/\/salon-international-aquarelle.com\/WordPress3\/wp-json\/wp\/v2\/comments?post=274"}],"version-history":[{"count":2,"href":"https:\/\/salon-international-aquarelle.com\/WordPress3\/wp-json\/wp\/v2\/pages\/274\/revisions"}],"predecessor-version":[{"id":278,"href":"https:\/\/salon-international-aquarelle.com\/WordPress3\/wp-json\/wp\/v2\/pages\/274\/revisions\/278"}],"up":[{"embeddable":true,"href":"https:\/\/salon-international-aquarelle.com\/WordPress3\/wp-json\/wp\/v2\/pages\/139"}],"wp:attachment":[{"href":"https:\/\/salon-international-aquarelle.com\/WordPress3\/wp-json\/wp\/v2\/media?parent=274"}],"curies":[{"name":"wp","href":"https:\/\/api.w.org\/{rel}","templated":true}]}}