{"id":2425,"date":"2025-01-21T22:24:19","date_gmt":"2025-01-21T21:24:19","guid":{"rendered":"https:\/\/salon-international-aquarelle.com\/WordPress3\/?page_id=2425"},"modified":"2025-11-15T12:15:23","modified_gmt":"2025-11-15T11:15:23","slug":"ateliers","status":"publish","type":"page","link":"https:\/\/salon-international-aquarelle.com\/WordPress3\/ateliers\/","title":{"rendered":"Ateliers"},"content":{"rendered":"\n\n<table id=\"tablepress-14\" class=\"tablepress tablepress-id-14\">\n<tbody class=\"row-hover\">\n<tr class=\"row-1\">\n\t<td class=\"column-1\"><a href=\"https:\/\/salon-international-aquarelle.com\/WordPress3\/activites-2025\/\">Activit\u00e9s 2026<\/a><\/td><td class=\"column-2\"><a href=\"https:\/\/salon-international-aquarelle.com\/WordPress3\/liste-des-stages\/\">Liste des stages<\/a><\/td><td class=\"column-3\"><a href=\"https:\/\/salon-international-aquarelle.com\/WordPress3\/sinscrire-a-un-stage\/\">S'inscrire \u00e0 un stage<\/a><\/td><td class=\"column-4\"><a href=\"https:\/\/salon-international-aquarelle.com\/WordPress3\/liste-des-demonstrations\/\">Les d\u00e9mos<\/a><\/td><td class=\"column-5\"><a href=\"https:\/\/salon-international-aquarelle.com\/WordPress3\/liste-des-conferences\/\">Les conf\u00e9rences <\/a><\/td><td class=\"column-6\"><a href=\"https:\/\/salon-international-aquarelle.com\/WordPress3\/ateliers\/\">Les Ateliers <\/a><\/td>\n<\/tr>\n<\/tbody>\n<\/table>\n<!-- #tablepress-14 from cache -->\n\n\n\n<p><strong>Ateliers d\u2019initiation \u00e0 l\u2019Aquarelle pour adultes<\/strong> <br \/>Le 25 juillet 2026 de 10h30 \u00e0 12h, le 1 ao\u00fbt 2026 de 10h30 \u00e0 12h, le 8 ao\u00fbt 2026 de 10h30 \u00e0 12h<br \/>Prix de chaque atelier 10\u20ac \u00e0 verser \u00e0 l\u2019inscription, mat\u00e9riel fourni<\/p>\n<p><br \/><strong>Ateliers d\u2019initiation \u00e0 l\u2019Aquarelle pour enfants<\/strong> <br \/>Le 24 juillet 2026 de 10h30 \u00e0 12h, le 31 juillet 2026 de 10h30 \u00e0 12h<br \/>Le 7 ao\u00fbt 2026 de 10h30 \u00e0 12h<br \/>Prix de chaque atelier 5\u20ac \u00e0 verser \u00e0 l\u2019inscription, mat\u00e9riel fourni<\/p>\n\n\n\n<hr \/>\n<p>\u00a0<\/p>\n\n\n\n\n\n\n\n\n","protected":false},"excerpt":{"rendered":"<p>Ateliers d\u2019initiation \u00e0 l\u2019Aquarelle pour adultes Le 25 juillet 2026 de 10h30 \u00e0 12h, le 1 ao\u00fbt 2026 de 10h30 [&hellip;]<\/p>\n","protected":false},"author":1,"featured_media":0,"parent":0,"menu_order":0,"comment_status":"closed","ping_status":"closed","template":"","meta":{"site-sidebar-layout":"default","site-content-layout":"","ast-site-content-layout":"","site-content-style":"default","site-sidebar-style":"default","ast-global-header-display":"","ast-banner-title-visibility":"","ast-main-header-display":"","ast-hfb-above-header-display":"","ast-hfb-below-header-display":"","ast-hfb-mobile-header-display":"","site-post-title":"disabled","ast-breadcrumbs-content":"","ast-featured-img":"","footer-sml-layout":"","theme-transparent-header-meta":"","adv-header-id-meta":"","stick-header-meta":"","header-above-stick-meta":"","header-main-stick-meta":"","header-below-stick-meta":"","astra-migrate-meta-layouts":"default","ast-page-background-enabled":"default","ast-page-background-meta":{"desktop":{"background-color":"var(--ast-global-color-4)","background-image":"","background-repeat":"repeat","background-position":"center center","background-size":"auto","background-attachment":"scroll","background-type":"","background-media":"","overlay-type":"","overlay-color":"","overlay-opacity":"","overlay-gradient":""},"tablet":{"background-color":"","background-image":"","background-repeat":"repeat","background-position":"center center","background-size":"auto","background-attachment":"scroll","background-type":"","background-media":"","overlay-type":"","overlay-color":"","overlay-opacity":"","overlay-gradient":""},"mobile":{"background-color":"","background-image":"","background-repeat":"repeat","background-position":"center center","background-size":"auto","background-attachment":"scroll","background-type":"","background-media":"","overlay-type":"","overlay-color":"","overlay-opacity":"","overlay-gradient":""}},"ast-content-background-meta":{"desktop":{"background-color":"var(--ast-global-color-5)","background-image":"","background-repeat":"repeat","background-position":"center center","background-size":"auto","background-attachment":"scroll","background-type":"","background-media":"","overlay-type":"","overlay-color":"","overlay-opacity":"","overlay-gradient":""},"tablet":{"background-color":"var(--ast-global-color-5)","background-image":"","background-repeat":"repeat","background-position":"center center","background-size":"auto","background-attachment":"scroll","background-type":"","background-media":"","overlay-type":"","overlay-color":"","overlay-opacity":"","overlay-gradient":""},"mobile":{"background-color":"var(--ast-global-color-5)","background-image":"","background-repeat":"repeat","background-position":"center center","background-size":"auto","background-attachment":"scroll","background-type":"","background-media":"","overlay-type":"","overlay-color":"","overlay-opacity":"","overlay-gradient":""}},"jetpack_post_was_ever_published":false,"footnotes":""},"class_list":["post-2425","page","type-page","status-publish","hentry"],"jetpack_sharing_enabled":true,"jetpack_shortlink":"https:\/\/wp.me\/PgfGnI-D7","_links":{"self":[{"href":"https:\/\/salon-international-aquarelle.com\/WordPress3\/wp-json\/wp\/v2\/pages\/2425","targetHints":{"allow":["GET"]}}],"collection":[{"href":"https:\/\/salon-international-aquarelle.com\/WordPress3\/wp-json\/wp\/v2\/pages"}],"about":[{"href":"https:\/\/salon-international-aquarelle.com\/WordPress3\/wp-json\/wp\/v2\/types\/page"}],"author":[{"embeddable":true,"href":"https:\/\/salon-international-aquarelle.com\/WordPress3\/wp-json\/wp\/v2\/users\/1"}],"replies":[{"embeddable":true,"href":"https:\/\/salon-international-aquarelle.com\/WordPress3\/wp-json\/wp\/v2\/comments?post=2425"}],"version-history":[{"count":14,"href":"https:\/\/salon-international-aquarelle.com\/WordPress3\/wp-json\/wp\/v2\/pages\/2425\/revisions"}],"predecessor-version":[{"id":3077,"href":"https:\/\/salon-international-aquarelle.com\/WordPress3\/wp-json\/wp\/v2\/pages\/2425\/revisions\/3077"}],"wp:attachment":[{"href":"https:\/\/salon-international-aquarelle.com\/WordPress3\/wp-json\/wp\/v2\/media?parent=2425"}],"curies":[{"name":"wp","href":"https:\/\/api.w.org\/{rel}","templated":true}]}}