{"id":2060,"date":"2024-12-25T12:16:48","date_gmt":"2024-12-25T11:16:48","guid":{"rendered":"https:\/\/salon-international-aquarelle.com\/WordPress3\/?page_id=2060"},"modified":"2025-11-15T11:53:45","modified_gmt":"2025-11-15T10:53:45","slug":"activites-2025","status":"publish","type":"page","link":"https:\/\/salon-international-aquarelle.com\/WordPress3\/activites-2025\/","title":{"rendered":"Activit\u00e9s 2026"},"content":{"rendered":"\n\n<table id=\"tablepress-14\" class=\"tablepress tablepress-id-14\">\n<tbody class=\"row-hover\">\n<tr class=\"row-1\">\n\t<td class=\"column-1\"><a href=\"https:\/\/salon-international-aquarelle.com\/WordPress3\/activites-2025\/\">Activit\u00e9s 2026<\/a><\/td><td class=\"column-2\"><a href=\"https:\/\/salon-international-aquarelle.com\/WordPress3\/liste-des-stages\/\">Liste des stages<\/a><\/td><td class=\"column-3\"><a href=\"https:\/\/salon-international-aquarelle.com\/WordPress3\/sinscrire-a-un-stage\/\">S'inscrire \u00e0 un stage<\/a><\/td><td class=\"column-4\"><a href=\"https:\/\/salon-international-aquarelle.com\/WordPress3\/liste-des-demonstrations\/\">Les d\u00e9mos<\/a><\/td><td class=\"column-5\"><a href=\"https:\/\/salon-international-aquarelle.com\/WordPress3\/liste-des-conferences\/\">Les conf\u00e9rences <\/a><\/td><td class=\"column-6\"><a href=\"https:\/\/salon-international-aquarelle.com\/WordPress3\/ateliers\/\">Les Ateliers <\/a><\/td>\n<\/tr>\n<\/tbody>\n<\/table>\n<!-- #tablepress-14 from cache -->\n\n\n\n<p>Des stages, des ateliers, des d\u00e9monstrations, des conf\u00e9rences, en rapport avec le th\u00e8me animeront tout le mois d&rsquo;exposition de notre salon.<\/p>\n<p>N&rsquo;h\u00e9sitez pas \u00e0 consulter les diff\u00e9rentes rubriques pour trouver l&rsquo;activit\u00e9 qui vous plaira.<\/p>\n<p>&nbsp;<\/p>\n\n\n\n\n\n\n\n<div class=\"alignnormal\"><div id=\"metaslider-id-2473\" style=\"width: 100%;\" class=\"ml-slider-3-102-0 metaslider metaslider-flex metaslider-2473 ml-slider has-dots-nav ms-theme-default-base\" role=\"region\" aria-label=\"Nouveau diaporama\" data-height=\"300\" data-width=\"700\">\n    <div id=\"metaslider_container_2473\">\n        <div id=\"metaslider_2473\">\n            <ul class='slides'>\n                <li style=\"display: block; width: 100%;\" class=\"slide-2474 ms-image \" aria-roledescription=\"slide\" data-date=\"2025-01-22 19:04:50\" data-slide-type=\"image\"><img loading=\"lazy\" decoding=\"async\" src=\"https:\/\/salon-international-aquarelle.com\/WordPress3\/wp-content\/uploads\/2025\/01\/photoexp1-700x300.jpg\" height=\"300\" width=\"700\" alt=\"\" class=\"slider-2473 slide-2474 msDefaultImage\" title=\"photoexp1\" \/><\/li>\n                <li style=\"display: none; width: 100%;\" class=\"slide-2481 ms-image \" aria-roledescription=\"slide\" data-date=\"2025-01-22 19:04:51\" data-slide-type=\"image\"><img loading=\"lazy\" decoding=\"async\" src=\"https:\/\/salon-international-aquarelle.com\/WordPress3\/wp-content\/uploads\/2025\/01\/Art-ephemere-decouverte-du-tatouage-au-Henne-700x300.jpg\" height=\"300\" width=\"700\" alt=\"\" class=\"slider-2473 slide-2481 msDefaultImage\" title=\"Art \u00e9ph\u00e9m\u00e8re d\u00e9couverte du tatouage au Henn\u00e9\" \/><\/li>\n                <li style=\"display: none; width: 100%;\" class=\"slide-2482 ms-image \" aria-roledescription=\"slide\" data-date=\"2025-01-22 19:04:51\" data-slide-type=\"image\"><img loading=\"lazy\" decoding=\"async\" src=\"https:\/\/salon-international-aquarelle.com\/WordPress3\/wp-content\/uploads\/2025\/01\/phtoexpo-700x300.jpg\" height=\"300\" width=\"700\" alt=\"\" class=\"slider-2473 slide-2482 msDefaultImage\" title=\"phtoexpo\" \/><\/li>\n                <li style=\"display: none; width: 100%;\" class=\"slide-2475 ms-image \" aria-roledescription=\"slide\" data-date=\"2025-01-22 19:04:50\" data-slide-type=\"image\"><img loading=\"lazy\" decoding=\"async\" src=\"https:\/\/salon-international-aquarelle.com\/WordPress3\/wp-content\/uploads\/2025\/01\/Le-salon-avec-notre-partenaire-Sennelier-700x300.jpg\" height=\"300\" width=\"700\" alt=\"\" class=\"slider-2473 slide-2475 msDefaultImage\" title=\"Le salon avec notre partenaire Sennelier\" \/><\/li>\n                <li style=\"display: none; width: 100%;\" class=\"slide-2478 ms-image \" aria-roledescription=\"slide\" data-date=\"2025-01-22 19:04:50\" data-slide-type=\"image\"><img loading=\"lazy\" decoding=\"async\" src=\"https:\/\/salon-international-aquarelle.com\/WordPress3\/wp-content\/uploads\/2025\/01\/Beatrice-morel-700x300.jpg\" height=\"300\" width=\"700\" alt=\"\" class=\"slider-2473 slide-2478 msDefaultImage\" title=\"B\u00e9atrice morel\" \/><\/li>\n                <li style=\"display: none; width: 100%;\" class=\"slide-2476 ms-image \" aria-roledescription=\"slide\" data-date=\"2025-01-22 19:04:50\" data-slide-type=\"image\"><img loading=\"lazy\" decoding=\"async\" src=\"https:\/\/salon-international-aquarelle.com\/WordPress3\/wp-content\/uploads\/2025\/01\/Jerome-Cosse-et-son-fils-1-700x300.jpg\" height=\"300\" width=\"700\" alt=\"\" class=\"slider-2473 slide-2476 msDefaultImage\" title=\"J\u00e9r\u00f4me Coss\u00e9 et son fils\" \/><\/li>\n                <li style=\"display: none; width: 100%;\" class=\"slide-2480 ms-image \" aria-roledescription=\"slide\" data-date=\"2025-01-22 19:04:51\" data-slide-type=\"image\"><img loading=\"lazy\" decoding=\"async\" src=\"https:\/\/salon-international-aquarelle.com\/WordPress3\/wp-content\/uploads\/2025\/01\/atelier-enfant-700x300.jpg\" height=\"300\" width=\"700\" alt=\"\" class=\"slider-2473 slide-2480 msDefaultImage\" title=\"atelier enfant\" \/><\/li>\n                <li style=\"display: none; width: 100%;\" class=\"slide-2477 ms-image \" aria-roledescription=\"slide\" data-date=\"2025-01-22 19:04:50\" data-slide-type=\"image\"><img loading=\"lazy\" decoding=\"async\" src=\"https:\/\/salon-international-aquarelle.com\/WordPress3\/wp-content\/uploads\/2025\/01\/Decouverte-du-Kolam-avec-Chantal-Jumel-700x300.jpg\" height=\"300\" width=\"700\" alt=\"\" class=\"slider-2473 slide-2477 msDefaultImage\" title=\"D\u00e9couverte du Kolam avec Chantal Jumel\" \/><\/li>\n                <li style=\"display: none; width: 100%;\" class=\"slide-2479 ms-image \" aria-roledescription=\"slide\" data-date=\"2025-01-22 19:04:50\" data-slide-type=\"image\"><img loading=\"lazy\" decoding=\"async\" src=\"https:\/\/salon-international-aquarelle.com\/WordPress3\/wp-content\/uploads\/2025\/01\/atelierenfant-1-700x300.jpg\" height=\"300\" width=\"700\" alt=\"\" class=\"slider-2473 slide-2479 msDefaultImage\" title=\"atelierenfant\" \/><\/li>\n            <\/ul>\n        <\/div>\n        \n    <\/div>\n<\/div><\/div>\n","protected":false},"excerpt":{"rendered":"<p>Des stages, des ateliers, des d\u00e9monstrations, des conf\u00e9rences, en rapport avec le th\u00e8me animeront tout le mois d&rsquo;exposition de notre [&hellip;]<\/p>\n","protected":false},"author":1,"featured_media":0,"parent":0,"menu_order":0,"comment_status":"closed","ping_status":"closed","template":"","meta":{"site-sidebar-layout":"default","site-content-layout":"","ast-site-content-layout":"default","site-content-style":"default","site-sidebar-style":"default","ast-global-header-display":"","ast-banner-title-visibility":"","ast-main-header-display":"","ast-hfb-above-header-display":"","ast-hfb-below-header-display":"","ast-hfb-mobile-header-display":"","site-post-title":"","ast-breadcrumbs-content":"","ast-featured-img":"","footer-sml-layout":"","theme-transparent-header-meta":"","adv-header-id-meta":"","stick-header-meta":"","header-above-stick-meta":"","header-main-stick-meta":"","header-below-stick-meta":"","astra-migrate-meta-layouts":"default","ast-page-background-enabled":"default","ast-page-background-meta":{"desktop":{"background-color":"var(--ast-global-color-4)","background-image":"","background-repeat":"repeat","background-position":"center center","background-size":"auto","background-attachment":"scroll","background-type":"","background-media":"","overlay-type":"","overlay-color":"","overlay-opacity":"","overlay-gradient":""},"tablet":{"background-color":"","background-image":"","background-repeat":"repeat","background-position":"center center","background-size":"auto","background-attachment":"scroll","background-type":"","background-media":"","overlay-type":"","overlay-color":"","overlay-opacity":"","overlay-gradient":""},"mobile":{"background-color":"","background-image":"","background-repeat":"repeat","background-position":"center center","background-size":"auto","background-attachment":"scroll","background-type":"","background-media":"","overlay-type":"","overlay-color":"","overlay-opacity":"","overlay-gradient":""}},"ast-content-background-meta":{"desktop":{"background-color":"var(--ast-global-color-5)","background-image":"","background-repeat":"repeat","background-position":"center center","background-size":"auto","background-attachment":"scroll","background-type":"","background-media":"","overlay-type":"","overlay-color":"","overlay-opacity":"","overlay-gradient":""},"tablet":{"background-color":"var(--ast-global-color-5)","background-image":"","background-repeat":"repeat","background-position":"center center","background-size":"auto","background-attachment":"scroll","background-type":"","background-media":"","overlay-type":"","overlay-color":"","overlay-opacity":"","overlay-gradient":""},"mobile":{"background-color":"var(--ast-global-color-5)","background-image":"","background-repeat":"repeat","background-position":"center center","background-size":"auto","background-attachment":"scroll","background-type":"","background-media":"","overlay-type":"","overlay-color":"","overlay-opacity":"","overlay-gradient":""}},"jetpack_post_was_ever_published":false,"footnotes":""},"class_list":["post-2060","page","type-page","status-publish","hentry"],"jetpack_sharing_enabled":true,"jetpack_shortlink":"https:\/\/wp.me\/PgfGnI-xe","_links":{"self":[{"href":"https:\/\/salon-international-aquarelle.com\/WordPress3\/wp-json\/wp\/v2\/pages\/2060","targetHints":{"allow":["GET"]}}],"collection":[{"href":"https:\/\/salon-international-aquarelle.com\/WordPress3\/wp-json\/wp\/v2\/pages"}],"about":[{"href":"https:\/\/salon-international-aquarelle.com\/WordPress3\/wp-json\/wp\/v2\/types\/page"}],"author":[{"embeddable":true,"href":"https:\/\/salon-international-aquarelle.com\/WordPress3\/wp-json\/wp\/v2\/users\/1"}],"replies":[{"embeddable":true,"href":"https:\/\/salon-international-aquarelle.com\/WordPress3\/wp-json\/wp\/v2\/comments?post=2060"}],"version-history":[{"count":10,"href":"https:\/\/salon-international-aquarelle.com\/WordPress3\/wp-json\/wp\/v2\/pages\/2060\/revisions"}],"predecessor-version":[{"id":3070,"href":"https:\/\/salon-international-aquarelle.com\/WordPress3\/wp-json\/wp\/v2\/pages\/2060\/revisions\/3070"}],"wp:attachment":[{"href":"https:\/\/salon-international-aquarelle.com\/WordPress3\/wp-json\/wp\/v2\/media?parent=2060"}],"curies":[{"name":"wp","href":"https:\/\/api.w.org\/{rel}","templated":true}]}}