{"id":2058,"date":"2024-12-25T12:16:19","date_gmt":"2024-12-25T11:16:19","guid":{"rendered":"https:\/\/salon-international-aquarelle.com\/WordPress3\/?page_id=2058"},"modified":"2025-11-15T12:17:50","modified_gmt":"2025-11-15T11:17:50","slug":"artistes-2025","status":"publish","type":"page","link":"https:\/\/salon-international-aquarelle.com\/WordPress3\/artistes-2025\/","title":{"rendered":"Artistes 2025"},"content":{"rendered":"\n<p>En attendant la parution de la s\u00e9lection 2026, retrouvez sur ce lien la liste des artistes s\u00e9lectionn\u00e9s en 2025 ainsi qu&rsquo;une br\u00e8ve pr\u00e9sentation de leurs \u0153uvres.\u00a0<\/p>\n<p><a href=\"https:\/\/salon-international-aquarelle.com\/Salon-2025\/\"><img loading=\"lazy\" decoding=\"async\" class=\"aligncenter size-full wp-image-2773\" src=\"https:\/\/salon-international-aquarelle.com\/WordPress3\/wp-content\/uploads\/2025\/04\/Capture.jpg\" alt=\"\" width=\"777\" height=\"474\" srcset=\"https:\/\/salon-international-aquarelle.com\/WordPress3\/wp-content\/uploads\/2025\/04\/Capture.jpg 777w, https:\/\/salon-international-aquarelle.com\/WordPress3\/wp-content\/uploads\/2025\/04\/Capture-300x183.jpg 300w, https:\/\/salon-international-aquarelle.com\/WordPress3\/wp-content\/uploads\/2025\/04\/Capture-768x469.jpg 768w\" sizes=\"auto, (max-width: 777px) 100vw, 777px\" \/><\/a><\/p>\n<p>\u00a0<\/p>\n<p>\u00a0<\/p>\n","protected":false},"excerpt":{"rendered":"<p>En attendant la parution de la s\u00e9lection 2026, retrouvez sur ce lien la liste des artistes s\u00e9lectionn\u00e9s en 2025 ainsi [&hellip;]<\/p>\n","protected":false},"author":1,"featured_media":0,"parent":0,"menu_order":0,"comment_status":"closed","ping_status":"closed","template":"","meta":{"site-sidebar-layout":"default","site-content-layout":"","ast-site-content-layout":"","site-content-style":"default","site-sidebar-style":"default","ast-global-header-display":"","ast-banner-title-visibility":"","ast-main-header-display":"","ast-hfb-above-header-display":"","ast-hfb-below-header-display":"","ast-hfb-mobile-header-display":"","site-post-title":"disabled","ast-breadcrumbs-content":"","ast-featured-img":"","footer-sml-layout":"","theme-transparent-header-meta":"","adv-header-id-meta":"","stick-header-meta":"","header-above-stick-meta":"","header-main-stick-meta":"","header-below-stick-meta":"","astra-migrate-meta-layouts":"default","ast-page-background-enabled":"default","ast-page-background-meta":{"desktop":{"background-color":"var(--ast-global-color-4)","background-image":"","background-repeat":"repeat","background-position":"center center","background-size":"auto","background-attachment":"scroll","background-type":"","background-media":"","overlay-type":"","overlay-color":"","overlay-opacity":"","overlay-gradient":""},"tablet":{"background-color":"","background-image":"","background-repeat":"repeat","background-position":"center center","background-size":"auto","background-attachment":"scroll","background-type":"","background-media":"","overlay-type":"","overlay-color":"","overlay-opacity":"","overlay-gradient":""},"mobile":{"background-color":"","background-image":"","background-repeat":"repeat","background-position":"center center","background-size":"auto","background-attachment":"scroll","background-type":"","background-media":"","overlay-type":"","overlay-color":"","overlay-opacity":"","overlay-gradient":""}},"ast-content-background-meta":{"desktop":{"background-color":"var(--ast-global-color-5)","background-image":"","background-repeat":"repeat","background-position":"center center","background-size":"auto","background-attachment":"scroll","background-type":"","background-media":"","overlay-type":"","overlay-color":"","overlay-opacity":"","overlay-gradient":""},"tablet":{"background-color":"var(--ast-global-color-5)","background-image":"","background-repeat":"repeat","background-position":"center center","background-size":"auto","background-attachment":"scroll","background-type":"","background-media":"","overlay-type":"","overlay-color":"","overlay-opacity":"","overlay-gradient":""},"mobile":{"background-color":"var(--ast-global-color-5)","background-image":"","background-repeat":"repeat","background-position":"center center","background-size":"auto","background-attachment":"scroll","background-type":"","background-media":"","overlay-type":"","overlay-color":"","overlay-opacity":"","overlay-gradient":""}},"jetpack_post_was_ever_published":false,"footnotes":""},"class_list":["post-2058","page","type-page","status-publish","hentry"],"jetpack_sharing_enabled":true,"jetpack_shortlink":"https:\/\/wp.me\/PgfGnI-xc","_links":{"self":[{"href":"https:\/\/salon-international-aquarelle.com\/WordPress3\/wp-json\/wp\/v2\/pages\/2058","targetHints":{"allow":["GET"]}}],"collection":[{"href":"https:\/\/salon-international-aquarelle.com\/WordPress3\/wp-json\/wp\/v2\/pages"}],"about":[{"href":"https:\/\/salon-international-aquarelle.com\/WordPress3\/wp-json\/wp\/v2\/types\/page"}],"author":[{"embeddable":true,"href":"https:\/\/salon-international-aquarelle.com\/WordPress3\/wp-json\/wp\/v2\/users\/1"}],"replies":[{"embeddable":true,"href":"https:\/\/salon-international-aquarelle.com\/WordPress3\/wp-json\/wp\/v2\/comments?post=2058"}],"version-history":[{"count":8,"href":"https:\/\/salon-international-aquarelle.com\/WordPress3\/wp-json\/wp\/v2\/pages\/2058\/revisions"}],"predecessor-version":[{"id":3079,"href":"https:\/\/salon-international-aquarelle.com\/WordPress3\/wp-json\/wp\/v2\/pages\/2058\/revisions\/3079"}],"wp:attachment":[{"href":"https:\/\/salon-international-aquarelle.com\/WordPress3\/wp-json\/wp\/v2\/media?parent=2058"}],"curies":[{"name":"wp","href":"https:\/\/api.w.org\/{rel}","templated":true}]}}