{"id":2054,"date":"2024-12-25T12:15:19","date_gmt":"2024-12-25T11:15:19","guid":{"rendered":"https:\/\/salon-international-aquarelle.com\/WordPress3\/?page_id=2054"},"modified":"2025-11-14T18:18:02","modified_gmt":"2025-11-14T17:18:02","slug":"candidater-au-salon","status":"publish","type":"page","link":"https:\/\/salon-international-aquarelle.com\/WordPress3\/candidater-au-salon\/","title":{"rendered":"Candidater au salon"},"content":{"rendered":"\n\n<table id=\"tablepress-12\" class=\"tablepress tablepress-id-12\">\n<tbody class=\"row-hover\">\n<tr class=\"row-1\">\n\t<td class=\"column-1\"><a href=\"https:\/\/salon-international-aquarelle.com\/WordPress3\/candidater-au-salon\/\">Candidater<\/a><\/td><td class=\"column-2\"><a href=\"https:\/\/salon-international-aquarelle.com\/WordPress3\/les-courriers-pour-candidater\/\">Les courriers pour candidater<\/a><\/td><td class=\"column-3\"><a href=\"https:\/\/salon-international-aquarelle.com\/WordPress3\/le-reglement-du-salon\/\">Le r\u00e8glement du salon<\/a><\/td>\n<\/tr>\n<\/tbody>\n<\/table>\n<!-- #tablepress-12 from cache -->\n\n\n\n<p>Nous avons le plaisir de vous inviter \u00e0 d\u00e9couvrir la 21e \u00e9dition du Salon International de l\u2019Aquarelle de Saint-Yrieix-la-Perche, qui se tiendra du<\/p>\n<p style=\"text-align: center;\"><strong>18 juillet au 16 ao\u00fbt 2026<\/strong>,<\/p>\n<p style=\"text-align: center;\"><strong>tous les jours de 10h \u00e0 12h30 et de 14h \u00e0 19h<\/strong>.<\/p>\n<p class=\"has-text-align-center\"><strong>Th\u00e8me \u00ab\u00a0Racines\u00a0\u00bb<\/strong><\/p>\n<p>Cette nouvelle \u00e9dition, plac\u00e9e sous le th\u00e8me <strong>\u00ab Racines \u00bb<\/strong>, explore les liens profonds entre l\u2019art, l\u2019identit\u00e9, la m\u00e9moire et la nature. Invitation \u00e0 un voyage pictural au c\u0153ur de ce qui nous fonde et nous relie.<\/p>\n<p>Comme chaque ann\u00e9e, le salon r\u00e9unira des <strong>aquarellistes de renom<\/strong>, venus de France et du monde entier, pour offrir au public une exposition riche, vari\u00e9e et inspirante.<\/p>\n<p><strong>Invit\u00e9\u00b7es d\u2019honneur 2026<\/strong><\/p>\n<ul>\n<li><span style=\"color: #000000;\"><span style=\"font-family: Calibri, serif;\"><strong>L\u00e9lie Abadie<\/strong>, marraine du salon<\/span><\/span><\/li>\n<li><span style=\"color: #000000;\"><span style=\"font-family: Calibri, serif;\"><strong>David Chauvin<\/strong>, parrain du salon<\/span><\/span><\/li>\n<\/ul>\n<ul class=\"wp-block-list\">\n<li><span style=\"color: #000000;\"><strong>Christine Cr\u00e9halet<\/strong> (France)<\/span><\/li>\n<li><span style=\"color: #000000;\"><strong>Sergiy Lysyy<\/strong> (Lituanie)<\/span><\/li>\n<\/ul>\n<p>Madame, Monsieur,<br \/>C\u2019est avec beaucoup de plaisir que nous vous invitons \u00e0 pr\u00e9senter votre candidature au 20\u00e8me salon international de l\u2019aquarelle de Saint-Yrieix La Perche, cit\u00e9 m\u00e9di\u00e9vale situ\u00e9e en Limousin, aux portes du P\u00e9rigord.<\/p>\n\n\n","protected":false},"excerpt":{"rendered":"<p>Nous avons le plaisir de vous inviter \u00e0 d\u00e9couvrir la 21e \u00e9dition du Salon International de l\u2019Aquarelle de Saint-Yrieix-la-Perche, qui [&hellip;]<\/p>\n","protected":false},"author":1,"featured_media":0,"parent":0,"menu_order":0,"comment_status":"closed","ping_status":"closed","template":"","meta":{"site-sidebar-layout":"default","site-content-layout":"","ast-site-content-layout":"","site-content-style":"default","site-sidebar-style":"default","ast-global-header-display":"","ast-banner-title-visibility":"","ast-main-header-display":"","ast-hfb-above-header-display":"","ast-hfb-below-header-display":"","ast-hfb-mobile-header-display":"","site-post-title":"disabled","ast-breadcrumbs-content":"","ast-featured-img":"","footer-sml-layout":"","theme-transparent-header-meta":"","adv-header-id-meta":"","stick-header-meta":"","header-above-stick-meta":"","header-main-stick-meta":"","header-below-stick-meta":"","astra-migrate-meta-layouts":"default","ast-page-background-enabled":"default","ast-page-background-meta":{"desktop":{"background-color":"var(--ast-global-color-4)","background-image":"","background-repeat":"repeat","background-position":"center center","background-size":"auto","background-attachment":"scroll","background-type":"","background-media":"","overlay-type":"","overlay-color":"","overlay-opacity":"","overlay-gradient":""},"tablet":{"background-color":"","background-image":"","background-repeat":"repeat","background-position":"center center","background-size":"auto","background-attachment":"scroll","background-type":"","background-media":"","overlay-type":"","overlay-color":"","overlay-opacity":"","overlay-gradient":""},"mobile":{"background-color":"","background-image":"","background-repeat":"repeat","background-position":"center center","background-size":"auto","background-attachment":"scroll","background-type":"","background-media":"","overlay-type":"","overlay-color":"","overlay-opacity":"","overlay-gradient":""}},"ast-content-background-meta":{"desktop":{"background-color":"var(--ast-global-color-5)","background-image":"","background-repeat":"repeat","background-position":"center center","background-size":"auto","background-attachment":"scroll","background-type":"","background-media":"","overlay-type":"","overlay-color":"","overlay-opacity":"","overlay-gradient":""},"tablet":{"background-color":"var(--ast-global-color-5)","background-image":"","background-repeat":"repeat","background-position":"center center","background-size":"auto","background-attachment":"scroll","background-type":"","background-media":"","overlay-type":"","overlay-color":"","overlay-opacity":"","overlay-gradient":""},"mobile":{"background-color":"var(--ast-global-color-5)","background-image":"","background-repeat":"repeat","background-position":"center center","background-size":"auto","background-attachment":"scroll","background-type":"","background-media":"","overlay-type":"","overlay-color":"","overlay-opacity":"","overlay-gradient":""}},"jetpack_post_was_ever_published":false,"footnotes":""},"class_list":["post-2054","page","type-page","status-publish","hentry"],"jetpack_sharing_enabled":true,"jetpack_shortlink":"https:\/\/wp.me\/PgfGnI-x8","_links":{"self":[{"href":"https:\/\/salon-international-aquarelle.com\/WordPress3\/wp-json\/wp\/v2\/pages\/2054","targetHints":{"allow":["GET"]}}],"collection":[{"href":"https:\/\/salon-international-aquarelle.com\/WordPress3\/wp-json\/wp\/v2\/pages"}],"about":[{"href":"https:\/\/salon-international-aquarelle.com\/WordPress3\/wp-json\/wp\/v2\/types\/page"}],"author":[{"embeddable":true,"href":"https:\/\/salon-international-aquarelle.com\/WordPress3\/wp-json\/wp\/v2\/users\/1"}],"replies":[{"embeddable":true,"href":"https:\/\/salon-international-aquarelle.com\/WordPress3\/wp-json\/wp\/v2\/comments?post=2054"}],"version-history":[{"count":11,"href":"https:\/\/salon-international-aquarelle.com\/WordPress3\/wp-json\/wp\/v2\/pages\/2054\/revisions"}],"predecessor-version":[{"id":2998,"href":"https:\/\/salon-international-aquarelle.com\/WordPress3\/wp-json\/wp\/v2\/pages\/2054\/revisions\/2998"}],"wp:attachment":[{"href":"https:\/\/salon-international-aquarelle.com\/WordPress3\/wp-json\/wp\/v2\/media?parent=2054"}],"curies":[{"name":"wp","href":"https:\/\/api.w.org\/{rel}","templated":true}]}}