{"id":2029,"date":"2024-12-25T12:01:49","date_gmt":"2024-12-25T11:01:49","guid":{"rendered":"https:\/\/salon-international-aquarelle.com\/WordPress3\/?page_id=2029"},"modified":"2025-11-15T12:09:40","modified_gmt":"2025-11-15T11:09:40","slug":"liste-des-conferences","status":"publish","type":"page","link":"https:\/\/salon-international-aquarelle.com\/WordPress3\/liste-des-conferences\/","title":{"rendered":"Liste des conf\u00e9rences"},"content":{"rendered":"\n\n<table id=\"tablepress-14\" class=\"tablepress tablepress-id-14\">\n<tbody class=\"row-hover\">\n<tr class=\"row-1\">\n\t<td class=\"column-1\"><a href=\"https:\/\/salon-international-aquarelle.com\/WordPress3\/activites-2025\/\">Activit\u00e9s 2026<\/a><\/td><td class=\"column-2\"><a href=\"https:\/\/salon-international-aquarelle.com\/WordPress3\/liste-des-stages\/\">Liste des stages<\/a><\/td><td class=\"column-3\"><a href=\"https:\/\/salon-international-aquarelle.com\/WordPress3\/sinscrire-a-un-stage\/\">S'inscrire \u00e0 un stage<\/a><\/td><td class=\"column-4\"><a href=\"https:\/\/salon-international-aquarelle.com\/WordPress3\/liste-des-demonstrations\/\">Les d\u00e9mos<\/a><\/td><td class=\"column-5\"><a href=\"https:\/\/salon-international-aquarelle.com\/WordPress3\/liste-des-conferences\/\">Les conf\u00e9rences <\/a><\/td><td class=\"column-6\"><a href=\"https:\/\/salon-international-aquarelle.com\/WordPress3\/ateliers\/\">Les Ateliers <\/a><\/td>\n<\/tr>\n<\/tbody>\n<\/table>\n<!-- #tablepress-14 from cache -->\n\n\n\n\n\n<h4><strong>Conf\u00e9rence exceptionnelle avec Marc Az\u00e9ma<\/strong><\/h4>\n<p><br \/>Aux origines de l\u2019art, de la narration graphique et de l\u2019animation<br \/>Marc Az\u00e9ma, pr\u00e9historien, cin\u00e9aste et sp\u00e9cialiste de l\u2019art pari\u00e9tal, vous propose une plong\u00e9e captivante dans les fondements de l\u2019expression visuelle. \u00c0 travers cette conf\u00e9rence, il explore comment les artistes de la Pr\u00e9histoire ont pos\u00e9 les bases de la narration graphique et de l\u2019image anim\u00e9e, bien avant l\u2019invention du cin\u00e9ma.<br \/>Gr\u00e2ce \u00e0 des exemples issus des grottes orn\u00e9es et des recherches arch\u00e9ologiques, il r\u00e9v\u00e8le les techniques de repr\u00e9sentation du mouvement et de la s\u00e9quence utilis\u00e9es il y a des mill\u00e9naires, et leur \u00e9tonnante modernit\u00e9.<br \/>Date\u00a0: \u00e0 d\u00e9finir prochainement<\/p>\n<h4><br \/>Conf\u00e9rence-atelier avec Isabelle Collett<\/h4>\n<p><br \/>Fabriquer ses pigments et encres naturels : un art ancestral au service de la cr\u00e9ation contemporaine<br \/>Isabelle Collett, artiste et chercheuse en pratiques \u00e9cologiques, vous propose une immersion dans l\u2019univers fascinant des pigments et encres naturels. \u00c0 travers cette conf\u00e9rence-atelier, elle d\u00e9voilera les secrets de fabrication de ces mat\u00e9riaux issus de la terre, des plantes et des min\u00e9raux, utilis\u00e9s depuis des si\u00e8cles par les artistes du monde entier.<br \/>Vous d\u00e9couvrirez :<br \/>\u2022 Les principes de base de la fabrication artisanale des encres et pigments naturels<br \/>\u2022 Les ressources locales et durables pour cr\u00e9er sa propre palette<br \/>\u2022 Des d\u00e9monstrations pratiques et des conseils pour int\u00e9grer ces techniques dans votre d\u00e9marche artistique<\/p>\n<p><br \/>Date de la conf\u00e9rence et atelier de d\u00e9monstration\u00a0: <strong>Dimanche 26 juillet \u00e0 14 h30<\/strong><\/p>\n<p><br \/>Un stage est organis\u00e9 par Isabelle Collett le 1er Ao\u00fbt \u00ab\u00a0Fabrication d\u2019encre v\u00e9g\u00e9tale\u00a0\u00bb<\/p>\n","protected":false},"excerpt":{"rendered":"<p>Conf\u00e9rence exceptionnelle avec Marc Az\u00e9ma Aux origines de l\u2019art, de la narration graphique et de l\u2019animationMarc Az\u00e9ma, pr\u00e9historien, cin\u00e9aste et [&hellip;]<\/p>\n","protected":false},"author":1,"featured_media":0,"parent":0,"menu_order":0,"comment_status":"closed","ping_status":"closed","template":"","meta":{"site-sidebar-layout":"default","site-content-layout":"","ast-site-content-layout":"","site-content-style":"default","site-sidebar-style":"default","ast-global-header-display":"","ast-banner-title-visibility":"","ast-main-header-display":"","ast-hfb-above-header-display":"","ast-hfb-below-header-display":"","ast-hfb-mobile-header-display":"","site-post-title":"disabled","ast-breadcrumbs-content":"","ast-featured-img":"","footer-sml-layout":"","theme-transparent-header-meta":"","adv-header-id-meta":"","stick-header-meta":"","header-above-stick-meta":"","header-main-stick-meta":"","header-below-stick-meta":"","astra-migrate-meta-layouts":"default","ast-page-background-enabled":"default","ast-page-background-meta":{"desktop":{"background-color":"var(--ast-global-color-4)","background-image":"","background-repeat":"repeat","background-position":"center center","background-size":"auto","background-attachment":"scroll","background-type":"","background-media":"","overlay-type":"","overlay-color":"","overlay-opacity":"","overlay-gradient":""},"tablet":{"background-color":"","background-image":"","background-repeat":"repeat","background-position":"center center","background-size":"auto","background-attachment":"scroll","background-type":"","background-media":"","overlay-type":"","overlay-color":"","overlay-opacity":"","overlay-gradient":""},"mobile":{"background-color":"","background-image":"","background-repeat":"repeat","background-position":"center center","background-size":"auto","background-attachment":"scroll","background-type":"","background-media":"","overlay-type":"","overlay-color":"","overlay-opacity":"","overlay-gradient":""}},"ast-content-background-meta":{"desktop":{"background-color":"var(--ast-global-color-5)","background-image":"","background-repeat":"repeat","background-position":"center center","background-size":"auto","background-attachment":"scroll","background-type":"","background-media":"","overlay-type":"","overlay-color":"","overlay-opacity":"","overlay-gradient":""},"tablet":{"background-color":"var(--ast-global-color-5)","background-image":"","background-repeat":"repeat","background-position":"center center","background-size":"auto","background-attachment":"scroll","background-type":"","background-media":"","overlay-type":"","overlay-color":"","overlay-opacity":"","overlay-gradient":""},"mobile":{"background-color":"var(--ast-global-color-5)","background-image":"","background-repeat":"repeat","background-position":"center center","background-size":"auto","background-attachment":"scroll","background-type":"","background-media":"","overlay-type":"","overlay-color":"","overlay-opacity":"","overlay-gradient":""}},"jetpack_post_was_ever_published":false,"footnotes":""},"class_list":["post-2029","page","type-page","status-publish","hentry"],"jetpack_sharing_enabled":true,"jetpack_shortlink":"https:\/\/wp.me\/PgfGnI-wJ","_links":{"self":[{"href":"https:\/\/salon-international-aquarelle.com\/WordPress3\/wp-json\/wp\/v2\/pages\/2029","targetHints":{"allow":["GET"]}}],"collection":[{"href":"https:\/\/salon-international-aquarelle.com\/WordPress3\/wp-json\/wp\/v2\/pages"}],"about":[{"href":"https:\/\/salon-international-aquarelle.com\/WordPress3\/wp-json\/wp\/v2\/types\/page"}],"author":[{"embeddable":true,"href":"https:\/\/salon-international-aquarelle.com\/WordPress3\/wp-json\/wp\/v2\/users\/1"}],"replies":[{"embeddable":true,"href":"https:\/\/salon-international-aquarelle.com\/WordPress3\/wp-json\/wp\/v2\/comments?post=2029"}],"version-history":[{"count":8,"href":"https:\/\/salon-international-aquarelle.com\/WordPress3\/wp-json\/wp\/v2\/pages\/2029\/revisions"}],"predecessor-version":[{"id":3075,"href":"https:\/\/salon-international-aquarelle.com\/WordPress3\/wp-json\/wp\/v2\/pages\/2029\/revisions\/3075"}],"wp:attachment":[{"href":"https:\/\/salon-international-aquarelle.com\/WordPress3\/wp-json\/wp\/v2\/media?parent=2029"}],"curies":[{"name":"wp","href":"https:\/\/api.w.org\/{rel}","templated":true}]}}