{"id":2025,"date":"2024-12-25T12:00:52","date_gmt":"2024-12-25T11:00:52","guid":{"rendered":"https:\/\/salon-international-aquarelle.com\/WordPress3\/?page_id=2025"},"modified":"2025-11-15T11:55:29","modified_gmt":"2025-11-15T10:55:29","slug":"sinscrire-a-un-stage","status":"publish","type":"page","link":"https:\/\/salon-international-aquarelle.com\/WordPress3\/sinscrire-a-un-stage\/","title":{"rendered":"S&rsquo;inscrire \u00e0 un stage"},"content":{"rendered":"\n\n<table id=\"tablepress-14\" class=\"tablepress tablepress-id-14\">\n<tbody class=\"row-hover\">\n<tr class=\"row-1\">\n\t<td class=\"column-1\"><a href=\"https:\/\/salon-international-aquarelle.com\/WordPress3\/activites-2025\/\">Activit\u00e9s 2026<\/a><\/td><td class=\"column-2\"><a href=\"https:\/\/salon-international-aquarelle.com\/WordPress3\/liste-des-stages\/\">Liste des stages<\/a><\/td><td class=\"column-3\"><a href=\"https:\/\/salon-international-aquarelle.com\/WordPress3\/sinscrire-a-un-stage\/\">S'inscrire \u00e0 un stage<\/a><\/td><td class=\"column-4\"><a href=\"https:\/\/salon-international-aquarelle.com\/WordPress3\/liste-des-demonstrations\/\">Les d\u00e9mos<\/a><\/td><td class=\"column-5\"><a href=\"https:\/\/salon-international-aquarelle.com\/WordPress3\/liste-des-conferences\/\">Les conf\u00e9rences <\/a><\/td><td class=\"column-6\"><a href=\"https:\/\/salon-international-aquarelle.com\/WordPress3\/ateliers\/\">Les Ateliers <\/a><\/td>\n<\/tr>\n<\/tbody>\n<\/table>\n<!-- #tablepress-14 from cache -->\n\n\n\n<p><span style=\"color: #f50a19;\">Notez que les inscriptions seront closes sans pr\u00e9avis.<\/span><\/p>\n<p>Pour vous inscrire il faut effectuer un versement \u00e0 titre d\u2019arrhes<\/p>\n<ul style=\"list-style-type: square;\">\n<li>soit en ligne au moyen de <a href=\"https:\/\/www.helloasso.com\/associations\/salon-international-de-l-aquarelle-de-saint-yrieix-la-perche\" target=\"_blank\" rel=\"noopener\">notre billetterie sur Helloasso<\/a>,<\/li>\n<li>soit adresser\u00a0 un ch\u00e8ques libell\u00e9s \u00e0 l\u2019ordre de \u00ab Salon international de l\u2019Aquarelle \u00bb \u00e0 l&rsquo;une des personnes ci-dessous:<br \/>&#8211; Marie-Claude Kolossy &#8211; 7 avenue de la Wantzenau &#8211; 87500 Saint Yrieix la Perche (jpk1948@orange.fr tel. 05 55 09 80 49 ou 06 08 40 62 56)<br \/>&#8211; Charlotte Rousseaux &#8211; 4, rue Maryse Basti\u00e9 &#8211; 87000 Nexon (jacky.charlotte@orange.fr tel. 06 27 44 55 76)<br \/>&#8211; Jean-Michel Devaux \u2013 5 Avenue de la Wantzenau &#8211; 87500 St Yrieix la Perche (jm.devaux2@wanadoo.fr 06 89 38 47 16)<\/li>\n<\/ul>\n<p>en mentionnant les \u00e9l\u00e9ments ci-dessous:<br \/>Nom et Pr\u00e9nom\u00a0<br \/>Adresse, T\u00e9l\u00e9phone et adresse mail<br \/>Stage(s) choisi(s)<\/p>\n\n\n","protected":false},"excerpt":{"rendered":"<p>Notez que les inscriptions seront closes sans pr\u00e9avis. Pour vous inscrire il faut effectuer un versement \u00e0 titre d\u2019arrhes soit [&hellip;]<\/p>\n","protected":false},"author":1,"featured_media":0,"parent":0,"menu_order":0,"comment_status":"closed","ping_status":"closed","template":"","meta":{"site-sidebar-layout":"default","site-content-layout":"","ast-site-content-layout":"","site-content-style":"default","site-sidebar-style":"default","ast-global-header-display":"","ast-banner-title-visibility":"","ast-main-header-display":"","ast-hfb-above-header-display":"","ast-hfb-below-header-display":"","ast-hfb-mobile-header-display":"","site-post-title":"disabled","ast-breadcrumbs-content":"","ast-featured-img":"","footer-sml-layout":"","theme-transparent-header-meta":"","adv-header-id-meta":"","stick-header-meta":"","header-above-stick-meta":"","header-main-stick-meta":"","header-below-stick-meta":"","astra-migrate-meta-layouts":"default","ast-page-background-enabled":"default","ast-page-background-meta":{"desktop":{"background-color":"var(--ast-global-color-4)","background-image":"","background-repeat":"repeat","background-position":"center center","background-size":"auto","background-attachment":"scroll","background-type":"","background-media":"","overlay-type":"","overlay-color":"","overlay-opacity":"","overlay-gradient":""},"tablet":{"background-color":"","background-image":"","background-repeat":"repeat","background-position":"center center","background-size":"auto","background-attachment":"scroll","background-type":"","background-media":"","overlay-type":"","overlay-color":"","overlay-opacity":"","overlay-gradient":""},"mobile":{"background-color":"","background-image":"","background-repeat":"repeat","background-position":"center center","background-size":"auto","background-attachment":"scroll","background-type":"","background-media":"","overlay-type":"","overlay-color":"","overlay-opacity":"","overlay-gradient":""}},"ast-content-background-meta":{"desktop":{"background-color":"var(--ast-global-color-5)","background-image":"","background-repeat":"repeat","background-position":"center center","background-size":"auto","background-attachment":"scroll","background-type":"","background-media":"","overlay-type":"","overlay-color":"","overlay-opacity":"","overlay-gradient":""},"tablet":{"background-color":"var(--ast-global-color-5)","background-image":"","background-repeat":"repeat","background-position":"center center","background-size":"auto","background-attachment":"scroll","background-type":"","background-media":"","overlay-type":"","overlay-color":"","overlay-opacity":"","overlay-gradient":""},"mobile":{"background-color":"var(--ast-global-color-5)","background-image":"","background-repeat":"repeat","background-position":"center center","background-size":"auto","background-attachment":"scroll","background-type":"","background-media":"","overlay-type":"","overlay-color":"","overlay-opacity":"","overlay-gradient":""}},"jetpack_post_was_ever_published":false,"footnotes":""},"class_list":["post-2025","page","type-page","status-publish","hentry"],"jetpack_sharing_enabled":true,"jetpack_shortlink":"https:\/\/wp.me\/PgfGnI-wF","_links":{"self":[{"href":"https:\/\/salon-international-aquarelle.com\/WordPress3\/wp-json\/wp\/v2\/pages\/2025","targetHints":{"allow":["GET"]}}],"collection":[{"href":"https:\/\/salon-international-aquarelle.com\/WordPress3\/wp-json\/wp\/v2\/pages"}],"about":[{"href":"https:\/\/salon-international-aquarelle.com\/WordPress3\/wp-json\/wp\/v2\/types\/page"}],"author":[{"embeddable":true,"href":"https:\/\/salon-international-aquarelle.com\/WordPress3\/wp-json\/wp\/v2\/users\/1"}],"replies":[{"embeddable":true,"href":"https:\/\/salon-international-aquarelle.com\/WordPress3\/wp-json\/wp\/v2\/comments?post=2025"}],"version-history":[{"count":5,"href":"https:\/\/salon-international-aquarelle.com\/WordPress3\/wp-json\/wp\/v2\/pages\/2025\/revisions"}],"predecessor-version":[{"id":3071,"href":"https:\/\/salon-international-aquarelle.com\/WordPress3\/wp-json\/wp\/v2\/pages\/2025\/revisions\/3071"}],"wp:attachment":[{"href":"https:\/\/salon-international-aquarelle.com\/WordPress3\/wp-json\/wp\/v2\/media?parent=2025"}],"curies":[{"name":"wp","href":"https:\/\/api.w.org\/{rel}","templated":true}]}}