{"id":2017,"date":"2024-12-25T11:57:34","date_gmt":"2024-12-25T10:57:34","guid":{"rendered":"https:\/\/salon-international-aquarelle.com\/WordPress3\/?page_id=2017"},"modified":"2025-11-14T19:01:13","modified_gmt":"2025-11-14T18:01:13","slug":"invites-dhonneur","status":"publish","type":"page","link":"https:\/\/salon-international-aquarelle.com\/WordPress3\/invites-dhonneur\/","title":{"rendered":"Invit\u00e9s d&rsquo;honneur"},"content":{"rendered":"\n\n<table id=\"tablepress-13\" class=\"tablepress tablepress-id-13\">\n<tbody class=\"row-hover\">\n<tr class=\"row-1\">\n\t<td class=\"column-1\"><a href=\"https:\/\/salon-international-aquarelle.com\/WordPress3\/salon-2026\/\">Salon 2026<\/a><\/td><td class=\"column-2\"><a href=\"https:\/\/salon-international-aquarelle.com\/WordPress3\/invites-dhonneur\/\">Invit\u00e9s d'honneur<\/a><\/td><td class=\"column-3\"><a href=https:\/\/salon-international-aquarelle.com\/WordPress3\/theme-et-dates\/\">Th\u00e8me et dates<\/a><\/td><td class=\"column-4\"><\/td>\n<\/tr>\n<\/tbody>\n<\/table>\n<!-- #tablepress-13 from cache -->\n\n\n\n<p><\/p>\n<table style=\"width: 100%;\">\n<tbody>\n<tr>\n<td style=\"text-align: center; width: 46.8333%;\" colspan=\"2\"><strong>Christine Cr\u00e9halet<\/strong><\/td>\n<td style=\"text-align: center; width: 52.1667%;\" colspan=\"2\"><strong>Sergiy Lysyy<\/strong><\/td>\n<\/tr>\n<tr>\n<td style=\"width: 26.4166%;\"><a href=\"https:\/\/salon-international-aquarelle.com\/WordPress3\/wp-content\/uploads\/2025\/08\/4-Christine-Crehalet-Automne-flamboyant-rotated.jpg\"><img loading=\"lazy\" decoding=\"async\" class=\"aligncenter  wp-image-2971\" src=\"https:\/\/salon-international-aquarelle.com\/WordPress3\/wp-content\/uploads\/2025\/08\/4-Christine-Crehalet-Automne-flamboyant-rotated.jpg\" alt=\"\" width=\"185\" height=\"280\" srcset=\"https:\/\/salon-international-aquarelle.com\/WordPress3\/wp-content\/uploads\/2025\/08\/4-Christine-Crehalet-Automne-flamboyant-rotated.jpg 1631w, https:\/\/salon-international-aquarelle.com\/WordPress3\/wp-content\/uploads\/2025\/08\/4-Christine-Crehalet-Automne-flamboyant-198x300.jpg 198w, https:\/\/salon-international-aquarelle.com\/WordPress3\/wp-content\/uploads\/2025\/08\/4-Christine-Crehalet-Automne-flamboyant-675x1024.jpg 675w, https:\/\/salon-international-aquarelle.com\/WordPress3\/wp-content\/uploads\/2025\/08\/4-Christine-Crehalet-Automne-flamboyant-768x1164.jpg 768w, https:\/\/salon-international-aquarelle.com\/WordPress3\/wp-content\/uploads\/2025\/08\/4-Christine-Crehalet-Automne-flamboyant-1013x1536.jpg 1013w, https:\/\/salon-international-aquarelle.com\/WordPress3\/wp-content\/uploads\/2025\/08\/4-Christine-Crehalet-Automne-flamboyant-1351x2048.jpg 1351w\" sizes=\"auto, (max-width: 185px) 100vw, 185px\" \/><\/a><\/td>\n<td style=\"width: 20.4167%;\"><a href=\"https:\/\/salon-international-aquarelle.com\/WordPress3\/wp-content\/uploads\/2025\/08\/1-Christine-Crehalet-Chemin-ensoleille-scaled.jpg\"><img loading=\"lazy\" decoding=\"async\" class=\"aligncenter  wp-image-2970\" src=\"https:\/\/salon-international-aquarelle.com\/WordPress3\/wp-content\/uploads\/2025\/08\/1-Christine-Crehalet-Chemin-ensoleille-scaled.jpg\" alt=\"\" width=\"275\" height=\"209\" srcset=\"https:\/\/salon-international-aquarelle.com\/WordPress3\/wp-content\/uploads\/2025\/08\/1-Christine-Crehalet-Chemin-ensoleille-scaled.jpg 2560w, https:\/\/salon-international-aquarelle.com\/WordPress3\/wp-content\/uploads\/2025\/08\/1-Christine-Crehalet-Chemin-ensoleille-300x229.jpg 300w, https:\/\/salon-international-aquarelle.com\/WordPress3\/wp-content\/uploads\/2025\/08\/1-Christine-Crehalet-Chemin-ensoleille-1024x780.jpg 1024w, https:\/\/salon-international-aquarelle.com\/WordPress3\/wp-content\/uploads\/2025\/08\/1-Christine-Crehalet-Chemin-ensoleille-768x585.jpg 768w, https:\/\/salon-international-aquarelle.com\/WordPress3\/wp-content\/uploads\/2025\/08\/1-Christine-Crehalet-Chemin-ensoleille-1536x1170.jpg 1536w, https:\/\/salon-international-aquarelle.com\/WordPress3\/wp-content\/uploads\/2025\/08\/1-Christine-Crehalet-Chemin-ensoleille-2048x1560.jpg 2048w\" sizes=\"auto, (max-width: 275px) 100vw, 275px\" \/><\/a><\/td>\n<td style=\"width: 27.1667%;\"><a href=\"https:\/\/salon-international-aquarelle.com\/WordPress3\/wp-content\/uploads\/2025\/08\/IMG_3896-1.jpg\"><img loading=\"lazy\" decoding=\"async\" class=\"aligncenter  wp-image-2974\" src=\"https:\/\/salon-international-aquarelle.com\/WordPress3\/wp-content\/uploads\/2025\/08\/IMG_3896-1.jpg\" alt=\"\" width=\"245\" height=\"200\" srcset=\"https:\/\/salon-international-aquarelle.com\/WordPress3\/wp-content\/uploads\/2025\/08\/IMG_3896-1.jpg 1241w, https:\/\/salon-international-aquarelle.com\/WordPress3\/wp-content\/uploads\/2025\/08\/IMG_3896-1-300x245.jpg 300w, https:\/\/salon-international-aquarelle.com\/WordPress3\/wp-content\/uploads\/2025\/08\/IMG_3896-1-1024x836.jpg 1024w, https:\/\/salon-international-aquarelle.com\/WordPress3\/wp-content\/uploads\/2025\/08\/IMG_3896-1-768x627.jpg 768w\" sizes=\"auto, (max-width: 245px) 100vw, 245px\" \/><\/a><\/td>\n<td style=\"width: 25%;\"><a href=\"https:\/\/salon-international-aquarelle.com\/WordPress3\/wp-content\/uploads\/2025\/08\/IMG_4012.jpg\"><img loading=\"lazy\" decoding=\"async\" class=\"aligncenter  wp-image-2973\" src=\"https:\/\/salon-international-aquarelle.com\/WordPress3\/wp-content\/uploads\/2025\/08\/IMG_4012.jpg\" alt=\"\" width=\"269\" height=\"204\" srcset=\"https:\/\/salon-international-aquarelle.com\/WordPress3\/wp-content\/uploads\/2025\/08\/IMG_4012.jpg 1280w, https:\/\/salon-international-aquarelle.com\/WordPress3\/wp-content\/uploads\/2025\/08\/IMG_4012-300x228.jpg 300w, https:\/\/salon-international-aquarelle.com\/WordPress3\/wp-content\/uploads\/2025\/08\/IMG_4012-1024x778.jpg 1024w, https:\/\/salon-international-aquarelle.com\/WordPress3\/wp-content\/uploads\/2025\/08\/IMG_4012-768x583.jpg 768w\" sizes=\"auto, (max-width: 269px) 100vw, 269px\" \/><\/a><\/td>\n<\/tr>\n<tr>\n<td style=\"width: 46.8333%;\" colspan=\"2\">\n<p><span style=\"font-family: Times New Roman, serif;\"><span style=\"font-size: medium;\"><span style=\"font-family: Arial, sans-serif;\"><span style=\"font-size: small;\">Il y a environ une vingtaine d\u2019ann\u00e9es, Je d\u00e9couvre l\u2019Aquarelle, une technique qui m\u2019a tr\u00e8s vite fascin\u00e9e et s\u00e9duite\u00a0:<\/span><\/span><span style=\"font-family: Arial, sans-serif;\"><span style=\"font-size: small;\"><br \/><\/span><\/span><span style=\"font-family: Arial, sans-serif;\"><span style=\"font-size: small;\">Fascin\u00e9e, car toujours pleine de surprises et d\u2019impr\u00e9vus du fait de sa nature : l\u2019eau, omnipr\u00e9sente. Il est important d\u2019\u00eatre \u00e0 son \u00e9coute pour en faire une alli\u00e9e, se laisser guider par ses chemins et savoir la respecter, parfois pouvoir s\u2019imposer. C\u2019est une relation \u00e0 deux qui s\u2019instaure avec pour support le papier et pour mat\u00e9riel pigments et pinceaux.<\/span><\/span><span style=\"font-family: Arial, sans-serif;\"><span style=\"font-size: small;\"><br \/><\/span><\/span><span style=\"font-family: Arial, sans-serif;\"><span style=\"font-size: small;\">S\u00e9duite, par le jeu de ses transparences, sa lumi\u00e8re, sa spontan\u00e9it\u00e9 qui permet de traduire avec sinc\u00e9rit\u00e9 ses \u00e9tats d\u2019\u00e2me et la subtilit\u00e9 des nuances obtenues lorsque les pigments se r\u00e9pandent dans l\u2019eau.<\/span><\/span><\/span><\/span><\/p>\n<p><span style=\"font-family: Times New Roman, serif;\"><span style=\"font-size: medium;\"><span style=\"font-family: Arial, sans-serif;\"><span style=\"font-size: small;\"><br \/><\/span><\/span><span style=\"font-family: Arial, sans-serif;\"><span style=\"font-size: small;\">Cette technique me permet d\u2019exprimer au plus juste ma sensibilit\u00e9 et mes \u00e9motions devant la nature, source in\u00e9puisable de mon inspiration. Ma peinture est figurative, utilisant alternativement les techniques humides et s\u00e8ches, je cherche, dans mes paysages, th\u00e8me qui s\u2019est progressivement impos\u00e9 \u00e0 moi, \u00e0 traduire des atmosph\u00e8res pleines de sensibilit\u00e9 et d\u2019harmonie, des ambiances sereines, o\u00f9, souvent, l\u2019eau et le monde v\u00e9g\u00e9tal sont intimement m\u00eal\u00e9s.\u00a0<\/span><\/span><\/span><\/span><\/p>\n<br \/>\n<p><a href=\"https:\/\/www.christine-crehalet.fr\/\" target=\"_blank\" rel=\"noopener\">https:\/\/www.christine-crehalet.fr\/<\/a><\/p>\n<\/td>\n<td style=\"width: 52.1667%;\" colspan=\"2\">\n<p><span style=\"font-family: Times New Roman, serif;\"><span style=\"font-size: medium;\"><span style=\"font-family: Arial, sans-serif;\"><span style=\"font-size: small;\">N\u00e9 en 1971 dans la r\u00e9gion d\u2019Odessa (Ukraine), <\/span><\/span><strong><span style=\"font-family: Arial, sans-serif;\"><span style=\"font-size: small;\">Sergiy Lysyy<\/span><\/span><\/strong><span style=\"font-family: Arial, sans-serif;\"><span style=\"font-size: small;\"> est un artiste passionn\u00e9, p\u00e9dagogue engag\u00e9 et mentor inspirant. Install\u00e9 \u00e0 Klaip\u0117da (Lituanie) depuis 2011, il consacre sa vie \u00e0 la peinture, \u00e0 la transmission artistique et \u00e0 l\u2019animation de stages professionnels.<\/span><\/span><\/span><\/span><\/p>\n<p><span style=\"font-family: Times New Roman, serif;\"><span style=\"font-size: medium;\"><span style=\"font-family: Arial, sans-serif;\"><span style=\"font-size: small;\">Reconnu pour ses <\/span><\/span><strong><span style=\"font-family: Arial, sans-serif;\"><span style=\"font-size: small;\">sc\u00e8nes urbaines vibrantes<\/span><\/span><\/strong><span style=\"font-family: Arial, sans-serif;\"><span style=\"font-size: small;\">, il participe activement \u00e0 des expositions, biennales et rencontres artistiques \u00e0 travers le monde. Il est \u00e9galement un fervent promoteur des <\/span><\/span><strong><span style=\"font-family: Arial, sans-serif;\"><span style=\"font-size: small;\">techniques de l\u2019aquarelle en coul\u00e9e<\/span><\/span><\/strong><span style=\"font-family: Arial, sans-serif;\"><span style=\"font-size: small;\">, qu\u2019il enseigne lors de d\u00e9monstrations et d\u2019ateliers internationaux.<\/span><\/span><\/span><\/span><\/p>\n<p><span style=\"font-family: Times New Roman, serif;\"><span style=\"font-size: medium;\"><span style=\"font-family: Arial, sans-serif;\"><span style=\"font-size: small;\">Son travail et son engagement lui ont valu <\/span><\/span><strong><span style=\"font-family: Arial, sans-serif;\"><span style=\"font-size: small;\">de nombreuses distinctions<\/span><\/span><\/strong><span style=\"font-family: Arial, sans-serif;\"><span style=\"font-size: small;\">, saluant son talent et son influence dans le monde de l\u2019aquarelle contemporaine.<\/span><\/span><\/span><\/span><\/p>\n<p><a href=\"https:\/\/sergiylysyy.com\/works\" target=\"_blank\" rel=\"noopener\">https:\/\/sergiylysyy.com\/works<\/a><\/p>\n<\/td>\n<\/tr>\n<\/tbody>\n<\/table>\n<p>\u00a0<\/p>\n<p><\/p>\n\n\n","protected":false},"excerpt":{"rendered":"","protected":false},"author":1,"featured_media":0,"parent":0,"menu_order":0,"comment_status":"closed","ping_status":"closed","template":"","meta":{"site-sidebar-layout":"default","site-content-layout":"","ast-site-content-layout":"","site-content-style":"default","site-sidebar-style":"default","ast-global-header-display":"","ast-banner-title-visibility":"","ast-main-header-display":"","ast-hfb-above-header-display":"","ast-hfb-below-header-display":"","ast-hfb-mobile-header-display":"","site-post-title":"disabled","ast-breadcrumbs-content":"","ast-featured-img":"","footer-sml-layout":"","theme-transparent-header-meta":"","adv-header-id-meta":"","stick-header-meta":"","header-above-stick-meta":"","header-main-stick-meta":"","header-below-stick-meta":"","astra-migrate-meta-layouts":"default","ast-page-background-enabled":"default","ast-page-background-meta":{"desktop":{"background-color":"var(--ast-global-color-4)","background-image":"","background-repeat":"repeat","background-position":"center center","background-size":"auto","background-attachment":"scroll","background-type":"","background-media":"","overlay-type":"","overlay-color":"","overlay-opacity":"","overlay-gradient":""},"tablet":{"background-color":"","background-image":"","background-repeat":"repeat","background-position":"center center","background-size":"auto","background-attachment":"scroll","background-type":"","background-media":"","overlay-type":"","overlay-color":"","overlay-opacity":"","overlay-gradient":""},"mobile":{"background-color":"","background-image":"","background-repeat":"repeat","background-position":"center center","background-size":"auto","background-attachment":"scroll","background-type":"","background-media":"","overlay-type":"","overlay-color":"","overlay-opacity":"","overlay-gradient":""}},"ast-content-background-meta":{"desktop":{"background-color":"var(--ast-global-color-5)","background-image":"","background-repeat":"repeat","background-position":"center center","background-size":"auto","background-attachment":"scroll","background-type":"","background-media":"","overlay-type":"","overlay-color":"","overlay-opacity":"","overlay-gradient":""},"tablet":{"background-color":"var(--ast-global-color-5)","background-image":"","background-repeat":"repeat","background-position":"center center","background-size":"auto","background-attachment":"scroll","background-type":"","background-media":"","overlay-type":"","overlay-color":"","overlay-opacity":"","overlay-gradient":""},"mobile":{"background-color":"var(--ast-global-color-5)","background-image":"","background-repeat":"repeat","background-position":"center center","background-size":"auto","background-attachment":"scroll","background-type":"","background-media":"","overlay-type":"","overlay-color":"","overlay-opacity":"","overlay-gradient":""}},"jetpack_post_was_ever_published":false,"footnotes":""},"class_list":["post-2017","page","type-page","status-publish","hentry"],"jetpack_sharing_enabled":true,"jetpack_shortlink":"https:\/\/wp.me\/PgfGnI-wx","_links":{"self":[{"href":"https:\/\/salon-international-aquarelle.com\/WordPress3\/wp-json\/wp\/v2\/pages\/2017","targetHints":{"allow":["GET"]}}],"collection":[{"href":"https:\/\/salon-international-aquarelle.com\/WordPress3\/wp-json\/wp\/v2\/pages"}],"about":[{"href":"https:\/\/salon-international-aquarelle.com\/WordPress3\/wp-json\/wp\/v2\/types\/page"}],"author":[{"embeddable":true,"href":"https:\/\/salon-international-aquarelle.com\/WordPress3\/wp-json\/wp\/v2\/users\/1"}],"replies":[{"embeddable":true,"href":"https:\/\/salon-international-aquarelle.com\/WordPress3\/wp-json\/wp\/v2\/comments?post=2017"}],"version-history":[{"count":10,"href":"https:\/\/salon-international-aquarelle.com\/WordPress3\/wp-json\/wp\/v2\/pages\/2017\/revisions"}],"predecessor-version":[{"id":3133,"href":"https:\/\/salon-international-aquarelle.com\/WordPress3\/wp-json\/wp\/v2\/pages\/2017\/revisions\/3133"}],"wp:attachment":[{"href":"https:\/\/salon-international-aquarelle.com\/WordPress3\/wp-json\/wp\/v2\/media?parent=2017"}],"curies":[{"name":"wp","href":"https:\/\/api.w.org\/{rel}","templated":true}]}}