{"id":2009,"date":"2024-12-25T11:54:21","date_gmt":"2024-12-25T10:54:21","guid":{"rendered":"https:\/\/salon-international-aquarelle.com\/WordPress3\/?page_id=2009"},"modified":"2025-02-04T19:40:53","modified_gmt":"2025-02-04T18:40:53","slug":"le-parrain-et-la-marraine-du-salon","status":"publish","type":"page","link":"https:\/\/salon-international-aquarelle.com\/WordPress3\/le-parrain-et-la-marraine-du-salon\/","title":{"rendered":"Le parrain et la marraine du salon"},"content":{"rendered":"\n\n<table id=\"tablepress-11\" class=\"tablepress tablepress-id-11\">\n<tbody class=\"row-hover\">\n<tr class=\"row-1\">\n\t<td class=\"column-1\"><a href=\"https:\/\/salon-international-aquarelle.com\/WordPress3\/\">Accueil<\/a><\/td><td class=\"column-2\"><a href=\"https:\/\/salon-international-aquarelle.com\/WordPress3\/all-events\/\">Le calendrier<\/a><\/td><td class=\"column-3\"><a href=\"https:\/\/salon-international-aquarelle.com\/WordPress3\/qui-sommes-nous\/\">Qui sommes-nous<\/a><\/td><td class=\"column-4\"><a href=\"https:\/\/salon-international-aquarelle.com\/WordPress3\/les-editions-precedentes\/\">Les pr\u00e9c\u00e9dentes \u00e9ditions<\/a><\/td><td class=\"column-5\"><a href=\"https:\/\/salon-international-aquarelle.com\/WordPress3\/le-parrain-et-la-marraine-du-salon\/\">Les parrains du salon<\/a><\/td>\n<\/tr>\n<\/tbody>\n<\/table>\n<!-- #tablepress-11 from cache -->\n\n\n\n<p>En tant que parrain et marraine du salon, L\u00e9lie Abadie et David Chauvin se distinguent par leur ma\u00eetrise de leur Art et incarnent \u00e0 la perfection l\u2019esprit du salon \u00e0 savoir&nbsp;:<\/p>\n\n\n\n<p><strong>Talent et sensibilit\u00e9 artistique<\/strong><\/p>\n\n\n\n<p>L\u00e9lie Abadie impressionne par sa capacit\u00e9 \u00e0 saisir les \u00e9motions, voici ses mots<\/p>\n\n\n\n<p><em>\u00ab&nbsp;J\u2019ai choisi l\u2019aquarelle pour sa sobri\u00e9t\u00e9 et sa po\u00e9sie.<br>Depuis, je suis sur le chemin, \u00e0 essayer de capter l\u2019\u00e9motion de l\u2019instant au travers d\u2019une esquisse, \u00e0 \u00eatre au plus pr\u00e8s de la lumi\u00e8re, \u00e0 comprendre l\u2019univers des ombres. Ensuite dans l\u2019atelier, \u00e0 r\u00e9inventer l\u2019instant, pour qu\u2019apparaisse, dans une f\u00e9brilit\u00e9 de gestes propres \u00e0 l\u2019aquarelle, ce moment unique avec sa part d\u2019inachev\u00e9\u2026 et sa part de myst\u00e8re.<br>Mes th\u00e8mes pr\u00e9f\u00e9r\u00e9s sont les portraits, les sc\u00e8nes de jardin, mais aussi l\u2019imaginaire. Il s\u2019agit de rendre l\u2019\u00e9motion visible, faire \u00e9merger les traces enfouies et t\u00e9moigner de son propre univers.&nbsp;\u00bb<\/em><\/p>\n\n\n\n<p>Les \u0153uvres de David Chauvin offrent un voyage qui invite \u00e0 la contemplation et \u00e0 la s\u00e9r\u00e9nit\u00e9.<\/p>\n\n\n\n<p>Inspir\u00e9 et passionn\u00e9 par la beaut\u00e9 de la nature, il sait capter la lumi\u00e8re changeante qui donne \u00e0 son Art une sensibilit\u00e9 embellie par la po\u00e9sie qui \u00e9mane de ces \u0153uvres.<\/p>\n\n\n\n<p><strong>Gentillesse et Convivialit\u00e9<\/strong><\/p>\n\n\n\n<p>L\u00e9lie Abadie et David Chauvin incarnent parfaitement l\u2019\u00e2me de notre exposition \u00e0 savoir la gentillesse et la convivialit\u00e9. <br><br>Toujours pr\u00eats \u00e0 partager leur passion, ils contribuent \u00e0 cr\u00e9er une atmosph\u00e8re chaleureuse et accueillante au sein de notre manifestation. Leur pr\u00e9sence est un v\u00e9ritable atout, renfor\u00e7ant les liens entre les visiteurs et les artistes, et faisant de chaque rencontre un moment pr\u00e9cieux et inoubliable. Ils contribuent ainsi pleinement \u00e0 notre ambition de rendre l&rsquo;Art accessible \u00e0 tous.<\/p>\n\n\n\n\n","protected":false},"excerpt":{"rendered":"<p>En tant que parrain et marraine du salon, L\u00e9lie Abadie et David Chauvin se distinguent par leur ma\u00eetrise de leur [&hellip;]<\/p>\n","protected":false},"author":1,"featured_media":0,"parent":0,"menu_order":0,"comment_status":"closed","ping_status":"closed","template":"","meta":{"site-sidebar-layout":"default","site-content-layout":"","ast-site-content-layout":"","site-content-style":"default","site-sidebar-style":"default","ast-global-header-display":"","ast-banner-title-visibility":"","ast-main-header-display":"","ast-hfb-above-header-display":"","ast-hfb-below-header-display":"","ast-hfb-mobile-header-display":"","site-post-title":"disabled","ast-breadcrumbs-content":"","ast-featured-img":"","footer-sml-layout":"","theme-transparent-header-meta":"","adv-header-id-meta":"","stick-header-meta":"","header-above-stick-meta":"","header-main-stick-meta":"","header-below-stick-meta":"","astra-migrate-meta-layouts":"default","ast-page-background-enabled":"default","ast-page-background-meta":{"desktop":{"background-color":"var(--ast-global-color-4)","background-image":"","background-repeat":"repeat","background-position":"center center","background-size":"auto","background-attachment":"scroll","background-type":"","background-media":"","overlay-type":"","overlay-color":"","overlay-opacity":"","overlay-gradient":""},"tablet":{"background-color":"","background-image":"","background-repeat":"repeat","background-position":"center center","background-size":"auto","background-attachment":"scroll","background-type":"","background-media":"","overlay-type":"","overlay-color":"","overlay-opacity":"","overlay-gradient":""},"mobile":{"background-color":"","background-image":"","background-repeat":"repeat","background-position":"center center","background-size":"auto","background-attachment":"scroll","background-type":"","background-media":"","overlay-type":"","overlay-color":"","overlay-opacity":"","overlay-gradient":""}},"ast-content-background-meta":{"desktop":{"background-color":"var(--ast-global-color-5)","background-image":"","background-repeat":"repeat","background-position":"center center","background-size":"auto","background-attachment":"scroll","background-type":"","background-media":"","overlay-type":"","overlay-color":"","overlay-opacity":"","overlay-gradient":""},"tablet":{"background-color":"var(--ast-global-color-5)","background-image":"","background-repeat":"repeat","background-position":"center center","background-size":"auto","background-attachment":"scroll","background-type":"","background-media":"","overlay-type":"","overlay-color":"","overlay-opacity":"","overlay-gradient":""},"mobile":{"background-color":"var(--ast-global-color-5)","background-image":"","background-repeat":"repeat","background-position":"center center","background-size":"auto","background-attachment":"scroll","background-type":"","background-media":"","overlay-type":"","overlay-color":"","overlay-opacity":"","overlay-gradient":""}},"jetpack_post_was_ever_published":false,"footnotes":""},"class_list":["post-2009","page","type-page","status-publish","hentry"],"jetpack_sharing_enabled":true,"jetpack_shortlink":"https:\/\/wp.me\/PgfGnI-wp","_links":{"self":[{"href":"https:\/\/salon-international-aquarelle.com\/WordPress3\/wp-json\/wp\/v2\/pages\/2009","targetHints":{"allow":["GET"]}}],"collection":[{"href":"https:\/\/salon-international-aquarelle.com\/WordPress3\/wp-json\/wp\/v2\/pages"}],"about":[{"href":"https:\/\/salon-international-aquarelle.com\/WordPress3\/wp-json\/wp\/v2\/types\/page"}],"author":[{"embeddable":true,"href":"https:\/\/salon-international-aquarelle.com\/WordPress3\/wp-json\/wp\/v2\/users\/1"}],"replies":[{"embeddable":true,"href":"https:\/\/salon-international-aquarelle.com\/WordPress3\/wp-json\/wp\/v2\/comments?post=2009"}],"version-history":[{"count":7,"href":"https:\/\/salon-international-aquarelle.com\/WordPress3\/wp-json\/wp\/v2\/pages\/2009\/revisions"}],"predecessor-version":[{"id":2571,"href":"https:\/\/salon-international-aquarelle.com\/WordPress3\/wp-json\/wp\/v2\/pages\/2009\/revisions\/2571"}],"wp:attachment":[{"href":"https:\/\/salon-international-aquarelle.com\/WordPress3\/wp-json\/wp\/v2\/media?parent=2009"}],"curies":[{"name":"wp","href":"https:\/\/api.w.org\/{rel}","templated":true}]}}