{"id":2,"date":"2013-10-27T14:12:15","date_gmt":"2013-10-27T13:12:15","guid":{"rendered":"http:\/\/salon-international-aquarelle.com\/WordPress3\/\/?page_id=2"},"modified":"2025-11-14T17:54:38","modified_gmt":"2025-11-14T16:54:38","slug":"accueil","status":"publish","type":"page","link":"https:\/\/salon-international-aquarelle.com\/WordPress3\/","title":{"rendered":"Accueil"},"content":{"rendered":"\n\n<table id=\"tablepress-11\" class=\"tablepress tablepress-id-11\">\n<tbody class=\"row-hover\">\n<tr class=\"row-1\">\n\t<td class=\"column-1\"><a href=\"https:\/\/salon-international-aquarelle.com\/WordPress3\/\">Accueil<\/a><\/td><td class=\"column-2\"><a href=\"https:\/\/salon-international-aquarelle.com\/WordPress3\/all-events\/\">Le calendrier<\/a><\/td><td class=\"column-3\"><a href=\"https:\/\/salon-international-aquarelle.com\/WordPress3\/qui-sommes-nous\/\">Qui sommes-nous<\/a><\/td><td class=\"column-4\"><a href=\"https:\/\/salon-international-aquarelle.com\/WordPress3\/les-editions-precedentes\/\">Les pr\u00e9c\u00e9dentes \u00e9ditions<\/a><\/td><td class=\"column-5\"><a href=\"https:\/\/salon-international-aquarelle.com\/WordPress3\/le-parrain-et-la-marraine-du-salon\/\">Les parrains du salon<\/a><\/td>\n<\/tr>\n<\/tbody>\n<\/table>\n<!-- #tablepress-11 from cache -->\n\n\n\n<ul class=\"wp-block-list\"><\/ul>\n\n\n\n<p>Nous avons le plaisir de vous inviter \u00e0 d\u00e9couvrir la 21e \u00e9dition du Salon International de l\u2019Aquarelle de Saint-Yrieix-la-Perche, qui se tiendra du <\/p>\n\n\n\n<p style=\"text-align: center;\"><strong>18 juillet au 16 ao\u00fbt 2026<\/strong>,<\/p>\n<p style=\"text-align: center;\"><strong>tous les jours de 10h \u00e0 12h30 et de 14h \u00e0 19h<\/strong>.<\/p>\n\n\n\n<p class=\"has-text-align-center\"><strong>Th\u00e8me \u00ab&nbsp;Racines&nbsp;\u00bb<\/strong><\/p>\n\n\n\n<p>Cette nouvelle \u00e9dition, plac\u00e9e sous le th\u00e8me <strong>\u00ab Racines \u00bb<\/strong>, explore les liens profonds entre l\u2019art, l\u2019identit\u00e9, la m\u00e9moire et la nature. Invitation \u00e0 un voyage pictural au c\u0153ur de ce qui nous fonde et nous relie.<\/p>\n\n\n\n<p>Comme chaque ann\u00e9e, le salon r\u00e9unira des <strong>aquarellistes de renom<\/strong>, venus de France et du monde entier, pour offrir au public une exposition riche, vari\u00e9e et inspirante.<\/p>\n\n\n\n<p> <strong>Invit\u00e9\u00b7es d\u2019honneur 2026<\/strong><\/p>\n\n\n\n<ul class=\"wp-block-list\">\n<li><strong>Christine Cr\u00e9halet<\/strong> (France)<\/li>\n\n\n\n<li><strong>Sergiy Lysyy<\/strong> (Lituanie)<\/li>\n<\/ul>\n\n\n\n<p>D\u2019autres artistes internationaux seront \u00e9galement pr\u00e9sents, avec des d\u00e9monstrations, des ateliers et des rencontres tout au long de l\u2019\u00e9v\u00e9nement.<\/p>\n\n\n\n<p><strong>Conf\u00e9rences \u00e0 ne pas manquer<\/strong><\/p>\n\n\n\n<ul class=\"wp-block-list\">\n<li><strong>Marc Az\u00e9ma<\/strong> : conf\u00e9rence \u00ab&nbsp;aux origines de l\u2019Art, de la narration graphique et de l\u2019animation&nbsp;\u00bb<\/li>\n\n\n\n<li><strong>Isabelle Collett<\/strong> : atelier-conf\u00e9rence sur la fabrication de pigments et d\u2019encres naturelles<\/li>\n<\/ul>\n\n\n\n<p>Ces rencontres offriront un \u00e9clairage passionnant sur les racines de l\u2019art et les pratiques ancestrales, en r\u00e9sonance avec le th\u00e8me de cette \u00e9dition.<\/p>\n<p>\u00a0<\/p>\n","protected":false},"excerpt":{"rendered":"<p>Nous avons le plaisir de vous inviter \u00e0 d\u00e9couvrir la 21e \u00e9dition du Salon International de l\u2019Aquarelle de Saint-Yrieix-la-Perche, qui [&hellip;]<\/p>\n","protected":false},"author":1,"featured_media":0,"parent":0,"menu_order":0,"comment_status":"closed","ping_status":"closed","template":"","meta":{"site-sidebar-layout":"default","site-content-layout":"","ast-site-content-layout":"","site-content-style":"default","site-sidebar-style":"default","ast-global-header-display":"","ast-banner-title-visibility":"","ast-main-header-display":"","ast-hfb-above-header-display":"","ast-hfb-below-header-display":"","ast-hfb-mobile-header-display":"","site-post-title":"disabled","ast-breadcrumbs-content":"","ast-featured-img":"","footer-sml-layout":"","theme-transparent-header-meta":"","adv-header-id-meta":"","stick-header-meta":"","header-above-stick-meta":"","header-main-stick-meta":"","header-below-stick-meta":"","astra-migrate-meta-layouts":"default","ast-page-background-enabled":"default","ast-page-background-meta":{"desktop":{"background-color":"var(--ast-global-color-4)","background-image":"","background-repeat":"repeat","background-position":"center center","background-size":"auto","background-attachment":"scroll","background-type":"","background-media":"","overlay-type":"","overlay-color":"","overlay-opacity":"","overlay-gradient":""},"tablet":{"background-color":"","background-image":"","background-repeat":"repeat","background-position":"center center","background-size":"auto","background-attachment":"scroll","background-type":"","background-media":"","overlay-type":"","overlay-color":"","overlay-opacity":"","overlay-gradient":""},"mobile":{"background-color":"","background-image":"","background-repeat":"repeat","background-position":"center center","background-size":"auto","background-attachment":"scroll","background-type":"","background-media":"","overlay-type":"","overlay-color":"","overlay-opacity":"","overlay-gradient":""}},"ast-content-background-meta":{"desktop":{"background-color":"var(--ast-global-color-5)","background-image":"","background-repeat":"repeat","background-position":"center center","background-size":"auto","background-attachment":"scroll","background-type":"","background-media":"","overlay-type":"","overlay-color":"","overlay-opacity":"","overlay-gradient":""},"tablet":{"background-color":"var(--ast-global-color-5)","background-image":"","background-repeat":"repeat","background-position":"center center","background-size":"auto","background-attachment":"scroll","background-type":"","background-media":"","overlay-type":"","overlay-color":"","overlay-opacity":"","overlay-gradient":""},"mobile":{"background-color":"var(--ast-global-color-5)","background-image":"","background-repeat":"repeat","background-position":"center center","background-size":"auto","background-attachment":"scroll","background-type":"","background-media":"","overlay-type":"","overlay-color":"","overlay-opacity":"","overlay-gradient":""}},"jetpack_post_was_ever_published":false,"footnotes":""},"class_list":["post-2","page","type-page","status-publish","hentry"],"jetpack_sharing_enabled":true,"jetpack_shortlink":"https:\/\/wp.me\/PgfGnI-2","_links":{"self":[{"href":"https:\/\/salon-international-aquarelle.com\/WordPress3\/wp-json\/wp\/v2\/pages\/2","targetHints":{"allow":["GET"]}}],"collection":[{"href":"https:\/\/salon-international-aquarelle.com\/WordPress3\/wp-json\/wp\/v2\/pages"}],"about":[{"href":"https:\/\/salon-international-aquarelle.com\/WordPress3\/wp-json\/wp\/v2\/types\/page"}],"author":[{"embeddable":true,"href":"https:\/\/salon-international-aquarelle.com\/WordPress3\/wp-json\/wp\/v2\/users\/1"}],"replies":[{"embeddable":true,"href":"https:\/\/salon-international-aquarelle.com\/WordPress3\/wp-json\/wp\/v2\/comments?post=2"}],"version-history":[{"count":162,"href":"https:\/\/salon-international-aquarelle.com\/WordPress3\/wp-json\/wp\/v2\/pages\/2\/revisions"}],"predecessor-version":[{"id":2993,"href":"https:\/\/salon-international-aquarelle.com\/WordPress3\/wp-json\/wp\/v2\/pages\/2\/revisions\/2993"}],"wp:attachment":[{"href":"https:\/\/salon-international-aquarelle.com\/WordPress3\/wp-json\/wp\/v2\/media?parent=2"}],"curies":[{"name":"wp","href":"https:\/\/api.w.org\/{rel}","templated":true}]}}