{"id":19,"date":"2013-10-27T14:56:32","date_gmt":"2013-10-27T13:56:32","guid":{"rendered":"http:\/\/salon-international-aquarelle.com\/WordPress3\/?page_id=19"},"modified":"2025-02-04T19:41:24","modified_gmt":"2025-02-04T18:41:24","slug":"qui-sommes-nous","status":"publish","type":"page","link":"https:\/\/salon-international-aquarelle.com\/WordPress3\/qui-sommes-nous\/","title":{"rendered":"Qui sommes nous?"},"content":{"rendered":"\n\n<table id=\"tablepress-11\" class=\"tablepress tablepress-id-11\">\n<tbody class=\"row-hover\">\n<tr class=\"row-1\">\n\t<td class=\"column-1\"><a href=\"https:\/\/salon-international-aquarelle.com\/WordPress3\/\">Accueil<\/a><\/td><td class=\"column-2\"><a href=\"https:\/\/salon-international-aquarelle.com\/WordPress3\/all-events\/\">Le calendrier<\/a><\/td><td class=\"column-3\"><a href=\"https:\/\/salon-international-aquarelle.com\/WordPress3\/qui-sommes-nous\/\">Qui sommes-nous<\/a><\/td><td class=\"column-4\"><a href=\"https:\/\/salon-international-aquarelle.com\/WordPress3\/les-editions-precedentes\/\">Les pr\u00e9c\u00e9dentes \u00e9ditions<\/a><\/td><td class=\"column-5\"><a href=\"https:\/\/salon-international-aquarelle.com\/WordPress3\/le-parrain-et-la-marraine-du-salon\/\">Les parrains du salon<\/a><\/td>\n<\/tr>\n<\/tbody>\n<\/table>\n<!-- #tablepress-11 from cache -->\n\n\n\n\n\n<p><span style=\"font-family: Verdana, sans-serif; color: #006633;\">Pro<span style=\"color: #000000;\">mouvoir l\u2019aquarelle et contribuer \u00e0 mettre en valeur sa noblesse, c&rsquo;est le but que s&rsquo;est fix\u00e9 l&rsquo;association \u00ab&nbsp;Salon international de l&rsquo;Aquarelle&nbsp;\u00bb compos\u00e9e d\u2019une cinquantaine de b\u00e9n\u00e9voles enthousiastes et passionn\u00e9s.<\/span><\/span><\/p>\n\n\n\n<p><span style=\"font-family: Verdana, sans-serif; color: #006633;\">P<\/span><span style=\"font-family: Verdana, sans-serif;\">our mat\u00e9rialiser ce but, ce groupe a choisi de&nbsp; faire autrement qu\u2019une exposition traditionnelle&nbsp;:<\/span><\/p>\n<ul>\n<li>aller au-devant de tout public (initi\u00e9s et non-initi\u00e9s) en l\u2019accueillant avec chaleur, simplicit\u00e9 et convivialit\u00e9.<\/li>\n<li>pr\u00e9senter de tr\u00e8s belles \u0153uvres d\u2019artistes dont la notori\u00e9t\u00e9 est internationalement reconnue.<\/li>\n<li>Amener l\u2019art au c\u0153ur de la cit\u00e9 en suscitant la curiosit\u00e9 du passant et l\u2019inviter \u00e0 regarder des d\u00e9monstrations publiques et gratuites dans la rue ainsi que des \u0153uvres expos\u00e9es chez les commer\u00e7ants de la ville en suivant le \u00ab Chemin de l\u2019Aquarelle \u00bb.<\/li>\n<\/ul>\n\n\n\n<p><span style=\"font-family: Verdana, sans-serif;\">Ce cheminement&nbsp; conduit \u00e0 choisir comme p\u00f4les principaux d\u2019exposition des lieux \u00ab ouverts \u00bb, situ\u00e9s au c\u0153ur de la vieille ville de Saint Yrieix la Perche, des lieux de rencontre et d\u2019\u00e9changes : les salles de la halle et Attane dans la Cit\u00e9 M\u00e9di\u00e9vale; le parvis de la halle et les jardins de la salle Attane sont utilis\u00e9s comme lieu d\u2019animation pour des d\u00e9monstrations de peinture ouvertes \u00e0 tout public ; pour aller encore au-del\u00e0, des conf\u00e9rences, des balaquarelles et des stages d\u2019initiation ou de perfectionnement sont propos\u00e9s : une grande partie des stages se passe \u00e0 peindre dans les rues de la ville et de la cit\u00e9 m\u00e9di\u00e9vale, riche en sujets vari\u00e9s. Cette ann\u00e9e le fil conducteur des animations sera <\/span><span style=\"font-family: Verdana, sans-serif;\">\u00ab\u00a0Moments \u00e9ph\u00e9m\u00e8res\u00a0\u00bb.<\/span><\/p>\n\n\n\n<p><span style=\"font-family: Verdana, sans-serif;\"><u>Tous les stages propos\u00e9s sont anim\u00e9s par les Invit\u00e9s d&rsquo;honneur ou les anciens Invit\u00e9s d&rsquo;honneur, ce sont donc des stages exceptionnels.<\/u><\/span><\/p>\n","protected":false},"excerpt":{"rendered":"<p>Promouvoir l\u2019aquarelle et contribuer \u00e0 mettre en valeur sa noblesse, c&rsquo;est le but que s&rsquo;est fix\u00e9 l&rsquo;association \u00ab&nbsp;Salon international de [&hellip;]<\/p>\n","protected":false},"author":1,"featured_media":0,"parent":0,"menu_order":0,"comment_status":"closed","ping_status":"closed","template":"","meta":{"site-sidebar-layout":"default","site-content-layout":"","ast-site-content-layout":"","site-content-style":"default","site-sidebar-style":"default","ast-global-header-display":"","ast-banner-title-visibility":"","ast-main-header-display":"","ast-hfb-above-header-display":"","ast-hfb-below-header-display":"","ast-hfb-mobile-header-display":"","site-post-title":"disabled","ast-breadcrumbs-content":"","ast-featured-img":"","footer-sml-layout":"","theme-transparent-header-meta":"","adv-header-id-meta":"","stick-header-meta":"","header-above-stick-meta":"","header-main-stick-meta":"","header-below-stick-meta":"","astra-migrate-meta-layouts":"default","ast-page-background-enabled":"default","ast-page-background-meta":{"desktop":{"background-color":"var(--ast-global-color-4)","background-image":"","background-repeat":"repeat","background-position":"center center","background-size":"auto","background-attachment":"scroll","background-type":"","background-media":"","overlay-type":"","overlay-color":"","overlay-opacity":"","overlay-gradient":""},"tablet":{"background-color":"","background-image":"","background-repeat":"repeat","background-position":"center center","background-size":"auto","background-attachment":"scroll","background-type":"","background-media":"","overlay-type":"","overlay-color":"","overlay-opacity":"","overlay-gradient":""},"mobile":{"background-color":"","background-image":"","background-repeat":"repeat","background-position":"center center","background-size":"auto","background-attachment":"scroll","background-type":"","background-media":"","overlay-type":"","overlay-color":"","overlay-opacity":"","overlay-gradient":""}},"ast-content-background-meta":{"desktop":{"background-color":"var(--ast-global-color-5)","background-image":"","background-repeat":"repeat","background-position":"center center","background-size":"auto","background-attachment":"scroll","background-type":"","background-media":"","overlay-type":"","overlay-color":"","overlay-opacity":"","overlay-gradient":""},"tablet":{"background-color":"var(--ast-global-color-5)","background-image":"","background-repeat":"repeat","background-position":"center center","background-size":"auto","background-attachment":"scroll","background-type":"","background-media":"","overlay-type":"","overlay-color":"","overlay-opacity":"","overlay-gradient":""},"mobile":{"background-color":"var(--ast-global-color-5)","background-image":"","background-repeat":"repeat","background-position":"center center","background-size":"auto","background-attachment":"scroll","background-type":"","background-media":"","overlay-type":"","overlay-color":"","overlay-opacity":"","overlay-gradient":""}},"jetpack_post_was_ever_published":false,"footnotes":""},"class_list":["post-19","page","type-page","status-publish","hentry"],"jetpack_sharing_enabled":true,"jetpack_shortlink":"https:\/\/wp.me\/PgfGnI-j","_links":{"self":[{"href":"https:\/\/salon-international-aquarelle.com\/WordPress3\/wp-json\/wp\/v2\/pages\/19","targetHints":{"allow":["GET"]}}],"collection":[{"href":"https:\/\/salon-international-aquarelle.com\/WordPress3\/wp-json\/wp\/v2\/pages"}],"about":[{"href":"https:\/\/salon-international-aquarelle.com\/WordPress3\/wp-json\/wp\/v2\/types\/page"}],"author":[{"embeddable":true,"href":"https:\/\/salon-international-aquarelle.com\/WordPress3\/wp-json\/wp\/v2\/users\/1"}],"replies":[{"embeddable":true,"href":"https:\/\/salon-international-aquarelle.com\/WordPress3\/wp-json\/wp\/v2\/comments?post=19"}],"version-history":[{"count":32,"href":"https:\/\/salon-international-aquarelle.com\/WordPress3\/wp-json\/wp\/v2\/pages\/19\/revisions"}],"predecessor-version":[{"id":2572,"href":"https:\/\/salon-international-aquarelle.com\/WordPress3\/wp-json\/wp\/v2\/pages\/19\/revisions\/2572"}],"wp:attachment":[{"href":"https:\/\/salon-international-aquarelle.com\/WordPress3\/wp-json\/wp\/v2\/media?parent=19"}],"curies":[{"name":"wp","href":"https:\/\/api.w.org\/{rel}","templated":true}]}}