{"id":142,"date":"2013-11-07T18:16:41","date_gmt":"2013-11-07T17:16:41","guid":{"rendered":"http:\/\/salon-international-aquarelle.com\/WordPress3\/?page_id=142"},"modified":"2025-02-24T18:33:57","modified_gmt":"2025-02-24T17:33:57","slug":"decouvrir-la-ville","status":"publish","type":"page","link":"https:\/\/salon-international-aquarelle.com\/WordPress3\/a-decouvrir\/decouvrir-la-ville\/","title":{"rendered":"D\u00e9couvrir la ville"},"content":{"rendered":"\n\n<table id=\"tablepress-15-no-2\" class=\"tablepress tablepress-id-15\">\n<tbody class=\"row-hover\">\n<tr class=\"row-1\">\n\t<td class=\"column-1\"><a href=\"https:\/\/salon-international-aquarelle.com\/WordPress3\/a-decouvrir\/\">A d\u00e9couvrir<\/a><\/td><td class=\"column-2\"><a href=\"https:\/\/salon-international-aquarelle.com\/WordPress3\/a-decouvrir\/decouvrir-la-ville\/\">D\u00e9couvrir la ville<\/a><\/td><td class=\"column-3\"><a href=\"https:\/\/salon-international-aquarelle.com\/WordPress3\/a-decouvrir\/autres-sites\/\">Autres sites<\/a><\/td><td class=\"column-4\"><a href=\"https:\/\/salon-international-aquarelle.com\/WordPress3\/cinq-bonnes-raisons-de-venir-au-salon\/\">5 bonnes raisons de venir<\/a><\/td>\n<\/tr>\n<\/tbody>\n<\/table>\n\n\n\n<p style=\"text-align: justify;\">Saint Yrieix la Perche, petite bourgade de 7800 \u00e2mes, situ\u00e9e au sud de la Haute-Vienne (87) &#8211; Limousin, \u00e0 400 km de Paris.<\/p>\n<p style=\"text-align: justify;\">L&rsquo;acc\u00e8s est possible par l&rsquo;autoroute A20 reliant Paris \u00e0 Toulouse, puis par la D704 reliant Saint Yrieix \u00e0 Limoges (40 Km). L&rsquo;acc\u00e8s peut se faire aussi par Brive (60 Km) via Pompadour ou par P\u00e9rigueux (60 Km). Vous pouvez consulter ici le plan de situation de notre cit\u00e9. (coordonn\u00e9es GPS 45\u00b030&rsquo;52.38&Prime; N &#8211; 1\u00b012&rsquo;05.00&Prime; E)<\/p>\n<p style=\"text-align: justify;\">Vous trouverez <a href=\"http:\/\/www.tourisme-saint-yrieix.com\" target=\"_blank\" rel=\"noopener\">sur le site de l&rsquo;office de tourisme<\/a>, les renseignements relatifs aux h\u00e9bergements disponibles aux alentours. Vous pouvez consulter aussi <a href=\"http:\/\/www.saint-yrieix.com\/\">le site de la ville<\/a> ou<a href=\"http:\/\/www.communaute-saint-yrieix.fr\/\"> le site de la Communaut\u00e9 de communes du Pays de Saint-Yrieix<\/a> pour d&rsquo;autres informations utiles pour votre s\u00e9jour.<\/p>\n<p style=\"text-align: justify;\">Notre salon se d\u00e9roule au c\u0153ur de la vieille ville (voir l&rsquo;implantation des lieux d&rsquo;exposition),<\/p>\n<p style=\"text-align: justify;\">&#8211; dans deux grandes salles dites de la halle, au rez de chauss\u00e9e et au premier \u00e9tage (acc\u00e8s possible au deux salles pour les personnes \u00e0 mobilit\u00e9 r\u00e9duite),<\/p>\n<p style=\"text-align: justify;\">&#8211; dans la salle Attane,<\/p>\n<p style=\"text-align: justify;\">&#8211; et dans certains commerces de cette m\u00eame rue et de la rue du march\u00e9.<\/p>\n\n\n<table id=\"tablepress-15\" class=\"tablepress tablepress-id-15\">\n<tbody class=\"row-hover\">\n<tr class=\"row-1\">\n\t<td class=\"column-1\"><a href=\"https:\/\/salon-international-aquarelle.com\/WordPress3\/a-decouvrir\/\">A d\u00e9couvrir<\/a><\/td><td class=\"column-2\"><a href=\"https:\/\/salon-international-aquarelle.com\/WordPress3\/a-decouvrir\/decouvrir-la-ville\/\">D\u00e9couvrir la ville<\/a><\/td><td class=\"column-3\"><a href=\"https:\/\/salon-international-aquarelle.com\/WordPress3\/a-decouvrir\/autres-sites\/\">Autres sites<\/a><\/td><td class=\"column-4\"><a href=\"https:\/\/salon-international-aquarelle.com\/WordPress3\/cinq-bonnes-raisons-de-venir-au-salon\/\">5 bonnes raisons de venir<\/a><\/td>\n<\/tr>\n<\/tbody>\n<\/table>\n<!-- #tablepress-15 from cache -->","protected":false},"excerpt":{"rendered":"<p>Saint Yrieix la Perche, petite bourgade de 7800 \u00e2mes, situ\u00e9e au sud de la Haute-Vienne (87) &#8211; Limousin, \u00e0 400 [&hellip;]<\/p>\n","protected":false},"author":1,"featured_media":0,"parent":139,"menu_order":10,"comment_status":"closed","ping_status":"open","template":"","meta":{"site-sidebar-layout":"default","site-content-layout":"","ast-site-content-layout":"","site-content-style":"default","site-sidebar-style":"default","ast-global-header-display":"","ast-banner-title-visibility":"","ast-main-header-display":"","ast-hfb-above-header-display":"","ast-hfb-below-header-display":"","ast-hfb-mobile-header-display":"","site-post-title":"disabled","ast-breadcrumbs-content":"","ast-featured-img":"","footer-sml-layout":"","theme-transparent-header-meta":"","adv-header-id-meta":"","stick-header-meta":"","header-above-stick-meta":"","header-main-stick-meta":"","header-below-stick-meta":"","astra-migrate-meta-layouts":"default","ast-page-background-enabled":"default","ast-page-background-meta":{"desktop":{"background-color":"var(--ast-global-color-4)","background-image":"","background-repeat":"repeat","background-position":"center center","background-size":"auto","background-attachment":"scroll","background-type":"","background-media":"","overlay-type":"","overlay-color":"","overlay-opacity":"","overlay-gradient":""},"tablet":{"background-color":"","background-image":"","background-repeat":"repeat","background-position":"center center","background-size":"auto","background-attachment":"scroll","background-type":"","background-media":"","overlay-type":"","overlay-color":"","overlay-opacity":"","overlay-gradient":""},"mobile":{"background-color":"","background-image":"","background-repeat":"repeat","background-position":"center center","background-size":"auto","background-attachment":"scroll","background-type":"","background-media":"","overlay-type":"","overlay-color":"","overlay-opacity":"","overlay-gradient":""}},"ast-content-background-meta":{"desktop":{"background-color":"var(--ast-global-color-5)","background-image":"","background-repeat":"repeat","background-position":"center center","background-size":"auto","background-attachment":"scroll","background-type":"","background-media":"","overlay-type":"","overlay-color":"","overlay-opacity":"","overlay-gradient":""},"tablet":{"background-color":"var(--ast-global-color-5)","background-image":"","background-repeat":"repeat","background-position":"center center","background-size":"auto","background-attachment":"scroll","background-type":"","background-media":"","overlay-type":"","overlay-color":"","overlay-opacity":"","overlay-gradient":""},"mobile":{"background-color":"var(--ast-global-color-5)","background-image":"","background-repeat":"repeat","background-position":"center center","background-size":"auto","background-attachment":"scroll","background-type":"","background-media":"","overlay-type":"","overlay-color":"","overlay-opacity":"","overlay-gradient":""}},"jetpack_post_was_ever_published":false,"footnotes":""},"class_list":["post-142","page","type-page","status-publish","hentry"],"jetpack_sharing_enabled":true,"jetpack_shortlink":"https:\/\/wp.me\/PgfGnI-2i","_links":{"self":[{"href":"https:\/\/salon-international-aquarelle.com\/WordPress3\/wp-json\/wp\/v2\/pages\/142","targetHints":{"allow":["GET"]}}],"collection":[{"href":"https:\/\/salon-international-aquarelle.com\/WordPress3\/wp-json\/wp\/v2\/pages"}],"about":[{"href":"https:\/\/salon-international-aquarelle.com\/WordPress3\/wp-json\/wp\/v2\/types\/page"}],"author":[{"embeddable":true,"href":"https:\/\/salon-international-aquarelle.com\/WordPress3\/wp-json\/wp\/v2\/users\/1"}],"replies":[{"embeddable":true,"href":"https:\/\/salon-international-aquarelle.com\/WordPress3\/wp-json\/wp\/v2\/comments?post=142"}],"version-history":[{"count":7,"href":"https:\/\/salon-international-aquarelle.com\/WordPress3\/wp-json\/wp\/v2\/pages\/142\/revisions"}],"predecessor-version":[{"id":2675,"href":"https:\/\/salon-international-aquarelle.com\/WordPress3\/wp-json\/wp\/v2\/pages\/142\/revisions\/2675"}],"up":[{"embeddable":true,"href":"https:\/\/salon-international-aquarelle.com\/WordPress3\/wp-json\/wp\/v2\/pages\/139"}],"wp:attachment":[{"href":"https:\/\/salon-international-aquarelle.com\/WordPress3\/wp-json\/wp\/v2\/media?parent=142"}],"curies":[{"name":"wp","href":"https:\/\/api.w.org\/{rel}","templated":true}]}}